{"id":21,"date":"2017-01-11T18:05:47","date_gmt":"2017-01-11T17:05:47","guid":{"rendered":"http:\/\/www.marielaurepercot.fr\/?page_id=21"},"modified":"2020-06-11T14:09:43","modified_gmt":"2020-06-11T12:09:43","slug":"code-ethique-somatotherapeute","status":"publish","type":"page","link":"http:\/\/www.marielaurepercot.fr\/index.php\/code-ethique-somatotherapeute\/","title":{"rendered":"Code \u00e9thique"},"content":{"rendered":"\n<p><strong>Code \u00e9thique de la F\u00e9d\u00e9ration fran\u00e7aise de Somato-Psychoth\u00e9rapie et Somatoth\u00e9rapie<\/strong><\/p>\n\n\n\n<div class=\"wp-block-columns is-layout-flex wp-container-core-columns-is-layout-9d6595d7 wp-block-columns-is-layout-flex\">\n<div class=\"wp-block-column is-layout-flow wp-block-column-is-layout-flow\" style=\"flex-basis:75%\">\n<p>&#8211; Exercer L\u00c9GALEMENT en \u00e9tant d\u00e9clar\u00e9 comme professionnel. ( Lib\u00e9ral ou salari\u00e9)<\/p>\n\n\n\n<p>&#8211; RESPECTER la dignit\u00e9 de la personne en traitement.<br>En connaissant ses propres limites professionnelles.<br>En s\u2019engageant \u00e0 orienter la personne en traitement vers un autre praticien si besoin.<br>En mettant en \u0153uvre une recherche de moyens qui tend vers l\u2019autonomie et le mieux \u00eatre du patient ou client.<br>En respectant ses croyances religieuses, politiques, philosophiques.<br>En n\u2019utilisant aucune pratique, pression, de quelqu&rsquo;ordre que ce soit, qui puisse mettre en p\u00e9ril l\u2019int\u00e9grit\u00e9 du patient ou client (adh\u00e9sion \u00e0 un mouvement, une \u00e9cole, une communaut\u00e9 religieuse etc.)<\/p>\n\n\n\n<p>&#8211; S\u2019INTERDIRE toute pratique sexuelle avec les patients ou clients et les \u00e9l\u00e8ves en formation.<\/p>\n\n\n\n<p>&#8211; S\u2019INTERDIRE et INTERDIRE tout passage \u00e0 l\u2019acte violent.<br>&#8211; Fixer LES HONORAIRES avec tact et mesure et s\u2019interdire toute exploitation mat\u00e9rielle et financi\u00e8re.<br>&#8211; RESPECTER et faire respecter la r\u00e8gle de CONFIDENTIALITE<br>&#8211; GARANTIR le secret professionnel<\/p>\n<\/div>\n\n\n\n<div class=\"wp-block-column is-layout-flow wp-block-column-is-layout-flow\">\n<figure class=\"wp-block-image size-large\"><img loading=\"lazy\" decoding=\"async\" width=\"800\" height=\"692\" src=\"http:\/\/www.marielaurepercot.fr\/wp-content\/uploads\/2019\/10\/Logo-ff2S.png\" alt=\"F\u00e9d\u00e9ration Francaise de Somato-psychoth\u00e9rapie et somatoth\u00e9rapie\" class=\"wp-image-483\" srcset=\"http:\/\/www.marielaurepercot.fr\/wp-content\/uploads\/2019\/10\/Logo-ff2S.png 800w, http:\/\/www.marielaurepercot.fr\/wp-content\/uploads\/2019\/10\/Logo-ff2S-300x260.png 300w, http:\/\/www.marielaurepercot.fr\/wp-content\/uploads\/2019\/10\/Logo-ff2S-768x664.png 768w, http:\/\/www.marielaurepercot.fr\/wp-content\/uploads\/2019\/10\/Logo-ff2S-600x519.png 600w\" sizes=\"auto, (max-width: 800px) 100vw, 800px\" \/><\/figure>\n<\/div>\n<\/div>\n\n\n\n<p><\/p>\n","protected":false},"excerpt":{"rendered":"<p>Code \u00e9thique de la F\u00e9d\u00e9ration fran\u00e7aise de Somato-Psychoth\u00e9rapie et Somatoth\u00e9rapie &#8211; Exercer L\u00c9GALEMENT en \u00e9tant d\u00e9clar\u00e9 comme professionnel. ( Lib\u00e9ral ou salari\u00e9) &#8211; RESPECTER la dignit\u00e9 de la personne en traitement.En connaissant ses propres limites professionnelles.En s\u2019engageant \u00e0 orienter la personne en traitement vers un autre praticien si besoin.En mettant en \u0153uvre une recherche de&hellip; <br \/> <a class=\"button small blue\" href=\"http:\/\/www.marielaurepercot.fr\/index.php\/code-ethique-somatotherapeute\/\">Lire la suite<\/a><\/p>\n","protected":false},"author":1,"featured_media":0,"parent":0,"menu_order":0,"comment_status":"closed","ping_status":"closed","template":"","meta":{"_exactmetrics_skip_tracking":false,"_exactmetrics_sitenote_active":false,"_exactmetrics_sitenote_note":"","_exactmetrics_sitenote_category":0,"_themeisle_gutenberg_block_has_review":false,"footnotes":""},"class_list":["post-21","page","type-page","status-publish","hentry"],"yoast_head":"<!-- This site is optimized with the Yoast SEO plugin v26.4 - https:\/\/yoast.com\/wordpress\/plugins\/seo\/ -->\n<title>Code \u00e9thique - Marie Laure Percot<\/title>\n<meta name=\"description\" content=\"Le somatoth\u00e9rapeute s&#039;engage pour votre respect avec un code \u00e9thique de la F\u00e9d\u00e9ration fran\u00e7aise de Somato-Psychoth\u00e9rapie et Somatoth\u00e9rapie.\" \/>\n<meta name=\"robots\" content=\"index, follow, max-snippet:-1, max-image-preview:large, max-video-preview:-1\" \/>\n<link rel=\"canonical\" href=\"http:\/\/www.marielaurepercot.fr\/index.php\/code-ethique-somatotherapeute\/\" \/>\n<meta property=\"og:locale\" content=\"fr_FR\" \/>\n<meta property=\"og:type\" content=\"article\" \/>\n<meta property=\"og:title\" content=\"Code \u00e9thique - Marie Laure Percot\" \/>\n<meta property=\"og:description\" content=\"Le somatoth\u00e9rapeute s&#039;engage pour votre respect avec un code \u00e9thique de la F\u00e9d\u00e9ration fran\u00e7aise de Somato-Psychoth\u00e9rapie et Somatoth\u00e9rapie.\" \/>\n<meta property=\"og:url\" content=\"http:\/\/www.marielaurepercot.fr\/index.php\/code-ethique-somatotherapeute\/\" \/>\n<meta property=\"og:site_name\" content=\"Marie Laure Percot\" \/>\n<meta property=\"article:modified_time\" content=\"2020-06-11T12:09:43+00:00\" \/>\n<meta property=\"og:image\" content=\"http:\/\/www.marielaurepercot.fr\/wp-content\/uploads\/2019\/10\/Logo-ff2S.png\" \/>\n<meta name=\"twitter:card\" content=\"summary_large_image\" \/>\n<meta name=\"twitter:label1\" content=\"Dur\u00e9e de lecture estim\u00e9e\" \/>\n\t<meta name=\"twitter:data1\" content=\"1 minute\" \/>\n<script type=\"application\/ld+json\" class=\"yoast-schema-graph\">{\"@context\":\"https:\/\/schema.org\",\"@graph\":[{\"@type\":\"WebPage\",\"@id\":\"http:\/\/www.marielaurepercot.fr\/index.php\/code-ethique-somatotherapeute\/\",\"url\":\"http:\/\/www.marielaurepercot.fr\/index.php\/code-ethique-somatotherapeute\/\",\"name\":\"Code \u00e9thique - Marie Laure Percot\",\"isPartOf\":{\"@id\":\"https:\/\/www.marielaurepercot.fr\/#website\"},\"primaryImageOfPage\":{\"@id\":\"http:\/\/www.marielaurepercot.fr\/index.php\/code-ethique-somatotherapeute\/#primaryimage\"},\"image\":{\"@id\":\"http:\/\/www.marielaurepercot.fr\/index.php\/code-ethique-somatotherapeute\/#primaryimage\"},\"thumbnailUrl\":\"http:\/\/www.marielaurepercot.fr\/wp-content\/uploads\/2019\/10\/Logo-ff2S.png\",\"datePublished\":\"2017-01-11T17:05:47+00:00\",\"dateModified\":\"2020-06-11T12:09:43+00:00\",\"description\":\"Le somatoth\u00e9rapeute s'engage pour votre respect avec un code \u00e9thique de la F\u00e9d\u00e9ration fran\u00e7aise de Somato-Psychoth\u00e9rapie et Somatoth\u00e9rapie.\",\"breadcrumb\":{\"@id\":\"http:\/\/www.marielaurepercot.fr\/index.php\/code-ethique-somatotherapeute\/#breadcrumb\"},\"inLanguage\":\"fr-FR\",\"potentialAction\":[{\"@type\":\"ReadAction\",\"target\":[\"http:\/\/www.marielaurepercot.fr\/index.php\/code-ethique-somatotherapeute\/\"]}]},{\"@type\":\"ImageObject\",\"inLanguage\":\"fr-FR\",\"@id\":\"http:\/\/www.marielaurepercot.fr\/index.php\/code-ethique-somatotherapeute\/#primaryimage\",\"url\":\"http:\/\/www.marielaurepercot.fr\/wp-content\/uploads\/2019\/10\/Logo-ff2S.png\",\"contentUrl\":\"http:\/\/www.marielaurepercot.fr\/wp-content\/uploads\/2019\/10\/Logo-ff2S.png\",\"width\":800,\"height\":692,\"caption\":\"F\u00e9d\u00e9ration Francaise de Somato-psychoth\u00e9rapie et somatoth\u00e9rapie\"},{\"@type\":\"BreadcrumbList\",\"@id\":\"http:\/\/www.marielaurepercot.fr\/index.php\/code-ethique-somatotherapeute\/#breadcrumb\",\"itemListElement\":[{\"@type\":\"ListItem\",\"position\":1,\"name\":\"Accueil\",\"item\":\"https:\/\/www.marielaurepercot.fr\/\"},{\"@type\":\"ListItem\",\"position\":2,\"name\":\"Code \u00e9thique\"}]},{\"@type\":\"WebSite\",\"@id\":\"https:\/\/www.marielaurepercot.fr\/#website\",\"url\":\"https:\/\/www.marielaurepercot.fr\/\",\"name\":\"Marie Laure Percot\",\"description\":\"somatotherapeute\",\"publisher\":{\"@id\":\"https:\/\/www.marielaurepercot.fr\/#organization\"},\"potentialAction\":[{\"@type\":\"SearchAction\",\"target\":{\"@type\":\"EntryPoint\",\"urlTemplate\":\"https:\/\/www.marielaurepercot.fr\/?s={search_term_string}\"},\"query-input\":{\"@type\":\"PropertyValueSpecification\",\"valueRequired\":true,\"valueName\":\"search_term_string\"}}],\"inLanguage\":\"fr-FR\"},{\"@type\":\"Organization\",\"@id\":\"https:\/\/www.marielaurepercot.fr\/#organization\",\"name\":\"Marie Laure Percot\",\"url\":\"https:\/\/www.marielaurepercot.fr\/\",\"logo\":{\"@type\":\"ImageObject\",\"inLanguage\":\"fr-FR\",\"@id\":\"https:\/\/www.marielaurepercot.fr\/#\/schema\/logo\/image\/\",\"url\":\"http:\/\/www.marielaurepercot.fr\/wp-content\/uploads\/2025\/07\/LogoBD.png\",\"contentUrl\":\"http:\/\/www.marielaurepercot.fr\/wp-content\/uploads\/2025\/07\/LogoBD.png\",\"width\":340,\"height\":148,\"caption\":\"Marie Laure Percot\"},\"image\":{\"@id\":\"https:\/\/www.marielaurepercot.fr\/#\/schema\/logo\/image\/\"}}]}<\/script>\n<!-- \/ Yoast SEO plugin. -->","yoast_head_json":{"title":"Code \u00e9thique - Marie Laure Percot","description":"Le somatoth\u00e9rapeute s'engage pour votre respect avec un code \u00e9thique de la F\u00e9d\u00e9ration fran\u00e7aise de Somato-Psychoth\u00e9rapie et Somatoth\u00e9rapie.","robots":{"index":"index","follow":"follow","max-snippet":"max-snippet:-1","max-image-preview":"max-image-preview:large","max-video-preview":"max-video-preview:-1"},"canonical":"http:\/\/www.marielaurepercot.fr\/index.php\/code-ethique-somatotherapeute\/","og_locale":"fr_FR","og_type":"article","og_title":"Code \u00e9thique - Marie Laure Percot","og_description":"Le somatoth\u00e9rapeute s'engage pour votre respect avec un code \u00e9thique de la F\u00e9d\u00e9ration fran\u00e7aise de Somato-Psychoth\u00e9rapie et Somatoth\u00e9rapie.","og_url":"http:\/\/www.marielaurepercot.fr\/index.php\/code-ethique-somatotherapeute\/","og_site_name":"Marie Laure Percot","article_modified_time":"2020-06-11T12:09:43+00:00","og_image":[{"url":"http:\/\/www.marielaurepercot.fr\/wp-content\/uploads\/2019\/10\/Logo-ff2S.png","type":"","width":"","height":""}],"twitter_card":"summary_large_image","twitter_misc":{"Dur\u00e9e de lecture estim\u00e9e":"1 minute"},"schema":{"@context":"https:\/\/schema.org","@graph":[{"@type":"WebPage","@id":"http:\/\/www.marielaurepercot.fr\/index.php\/code-ethique-somatotherapeute\/","url":"http:\/\/www.marielaurepercot.fr\/index.php\/code-ethique-somatotherapeute\/","name":"Code \u00e9thique - Marie Laure Percot","isPartOf":{"@id":"https:\/\/www.marielaurepercot.fr\/#website"},"primaryImageOfPage":{"@id":"http:\/\/www.marielaurepercot.fr\/index.php\/code-ethique-somatotherapeute\/#primaryimage"},"image":{"@id":"http:\/\/www.marielaurepercot.fr\/index.php\/code-ethique-somatotherapeute\/#primaryimage"},"thumbnailUrl":"http:\/\/www.marielaurepercot.fr\/wp-content\/uploads\/2019\/10\/Logo-ff2S.png","datePublished":"2017-01-11T17:05:47+00:00","dateModified":"2020-06-11T12:09:43+00:00","description":"Le somatoth\u00e9rapeute s'engage pour votre respect avec un code \u00e9thique de la F\u00e9d\u00e9ration fran\u00e7aise de Somato-Psychoth\u00e9rapie et Somatoth\u00e9rapie.","breadcrumb":{"@id":"http:\/\/www.marielaurepercot.fr\/index.php\/code-ethique-somatotherapeute\/#breadcrumb"},"inLanguage":"fr-FR","potentialAction":[{"@type":"ReadAction","target":["http:\/\/www.marielaurepercot.fr\/index.php\/code-ethique-somatotherapeute\/"]}]},{"@type":"ImageObject","inLanguage":"fr-FR","@id":"http:\/\/www.marielaurepercot.fr\/index.php\/code-ethique-somatotherapeute\/#primaryimage","url":"http:\/\/www.marielaurepercot.fr\/wp-content\/uploads\/2019\/10\/Logo-ff2S.png","contentUrl":"http:\/\/www.marielaurepercot.fr\/wp-content\/uploads\/2019\/10\/Logo-ff2S.png","width":800,"height":692,"caption":"F\u00e9d\u00e9ration Francaise de Somato-psychoth\u00e9rapie et somatoth\u00e9rapie"},{"@type":"BreadcrumbList","@id":"http:\/\/www.marielaurepercot.fr\/index.php\/code-ethique-somatotherapeute\/#breadcrumb","itemListElement":[{"@type":"ListItem","position":1,"name":"Accueil","item":"https:\/\/www.marielaurepercot.fr\/"},{"@type":"ListItem","position":2,"name":"Code \u00e9thique"}]},{"@type":"WebSite","@id":"https:\/\/www.marielaurepercot.fr\/#website","url":"https:\/\/www.marielaurepercot.fr\/","name":"Marie Laure Percot","description":"somatotherapeute","publisher":{"@id":"https:\/\/www.marielaurepercot.fr\/#organization"},"potentialAction":[{"@type":"SearchAction","target":{"@type":"EntryPoint","urlTemplate":"https:\/\/www.marielaurepercot.fr\/?s={search_term_string}"},"query-input":{"@type":"PropertyValueSpecification","valueRequired":true,"valueName":"search_term_string"}}],"inLanguage":"fr-FR"},{"@type":"Organization","@id":"https:\/\/www.marielaurepercot.fr\/#organization","name":"Marie Laure Percot","url":"https:\/\/www.marielaurepercot.fr\/","logo":{"@type":"ImageObject","inLanguage":"fr-FR","@id":"https:\/\/www.marielaurepercot.fr\/#\/schema\/logo\/image\/","url":"http:\/\/www.marielaurepercot.fr\/wp-content\/uploads\/2025\/07\/LogoBD.png","contentUrl":"http:\/\/www.marielaurepercot.fr\/wp-content\/uploads\/2025\/07\/LogoBD.png","width":340,"height":148,"caption":"Marie Laure Percot"},"image":{"@id":"https:\/\/www.marielaurepercot.fr\/#\/schema\/logo\/image\/"}}]}},"_links":{"self":[{"href":"http:\/\/www.marielaurepercot.fr\/index.php\/wp-json\/wp\/v2\/pages\/21","targetHints":{"allow":["GET"]}}],"collection":[{"href":"http:\/\/www.marielaurepercot.fr\/index.php\/wp-json\/wp\/v2\/pages"}],"about":[{"href":"http:\/\/www.marielaurepercot.fr\/index.php\/wp-json\/wp\/v2\/types\/page"}],"author":[{"embeddable":true,"href":"http:\/\/www.marielaurepercot.fr\/index.php\/wp-json\/wp\/v2\/users\/1"}],"replies":[{"embeddable":true,"href":"http:\/\/www.marielaurepercot.fr\/index.php\/wp-json\/wp\/v2\/comments?post=21"}],"version-history":[{"count":15,"href":"http:\/\/www.marielaurepercot.fr\/index.php\/wp-json\/wp\/v2\/pages\/21\/revisions"}],"predecessor-version":[{"id":1410,"href":"http:\/\/www.marielaurepercot.fr\/index.php\/wp-json\/wp\/v2\/pages\/21\/revisions\/1410"}],"wp:attachment":[{"href":"http:\/\/www.marielaurepercot.fr\/index.php\/wp-json\/wp\/v2\/media?parent=21"}],"curies":[{"name":"wp","href":"https:\/\/api.w.org\/{rel}","templated":true}]}}