{"id":25,"date":"2017-01-11T18:06:12","date_gmt":"2017-01-11T17:06:12","guid":{"rendered":"http:\/\/www.marielaurepercot.fr\/?page_id=25"},"modified":"2025-07-21T15:57:23","modified_gmt":"2025-07-21T13:57:23","slug":"contact","status":"publish","type":"page","link":"http:\/\/www.marielaurepercot.fr\/index.php\/contact\/","title":{"rendered":"Contact"},"content":{"rendered":"\n<div class=\"wp-block-columns is-layout-flex wp-container-core-columns-is-layout-9d6595d7 wp-block-columns-is-layout-flex\">\n<div class=\"wp-block-column is-layout-flow wp-block-column-is-layout-flow\">\n<p class=\"has-text-align-center\">Pour prendre contact avec moi,<br>vous pouvez utiliser le formulaire ci-contre<br>ou me joindre par t\u00e9l\u00e9phone au <strong>06 87 21 64 20<\/strong>.<\/p>\n\n\n\n<p class=\"has-text-align-center\">A St Nazaire :<br>Centre de Bien-\u00catre et de Sant\u00e9<br>50 rue Pitre Grenapin<\/p>\n\n\n<div id=\"wpgmza_map\" class=\"wpgmza_map\" data-settings='{\"id\":\"1\",\"map_title\":\"My first map\",\"map_width\":\"100\",\"map_height\":\"400\",\"map_start_lat\":\"47.253429\",\"map_start_lng\":\"-2.264143\",\"map_start_location\":\"47.253429,-2.26414299999999\",\"map_start_zoom\":\"10\",\"default_marker\":\"0\",\"type\":\"1\",\"alignment\":\"1\",\"directions_enabled\":\"1\",\"styling_enabled\":\"0\",\"styling_json\":\"\",\"active\":\"0\",\"kml\":\"\",\"bicycle\":\"0\",\"traffic\":\"0\",\"dbox\":\"1\",\"dbox_width\":\"100\",\"listmarkers\":\"0\",\"listmarkers_advanced\":\"0\",\"filterbycat\":\"0\",\"ugm_enabled\":\"0\",\"ugm_category_enabled\":\"0\",\"fusion\":\"\",\"map_width_type\":\"%\",\"map_height_type\":\"px\",\"mass_marker_support\":\"1\",\"ugm_access\":\"0\",\"order_markers_by\":\"0\",\"order_markers_choice\":\"0\",\"show_user_location\":\"0\",\"default_to\":\"\",\"other_settings\":{\"store_locator_enabled\":true,\"store_locator_distance\":true,\"store_locator_default_radius\":\"10\",\"store_locator_not_found_message\":\"\",\"store_locator_bounce\":1,\"store_locator_query_string\":\"\",\"store_locator_default_address\":\"\",\"wpgmza_store_locator_restrict\":\"\",\"store_locator_style\":\"legacy\",\"wpgmza_store_locator_radius_style\":\"legacy\",\"map_max_zoom\":\"1\",\"transport_layer\":false,\"wpgmza_theme_data\":\"\",\"wpgmza_show_points_of_interest\":1,\"action\":\"wpgmza_save_map\",\"redirect_to\":\"\\\/wp-admin\\\/admin-post.php\",\"map_id\":\"1\",\"http_referer\":\"\\\/wp-admin\\\/admin.php?page=wp-google-maps-menu&amp;amp;action=edit&amp;amp;map_id=1\",\"wpgmza_id\":\"1\",\"wpgmza_start_location\":\"\",\"wpgmza_start_zoom\":\"4\",\"store_locator_search_area\":\"radial\",\"wpgmza_store_locator_default_radius\":\"10\",\"store_locator_auto_area_max_zoom\":\"\",\"wpgmza_store_locator_position\":true,\"store_locator_show_distance\":false,\"store_locator_category\":false,\"wpgmza_store_locator_use_their_location\":false,\"wpgmza_store_locator_bounce\":false,\"wpgmza_sl_animation\":null,\"wpgmza_store_locator_hide_before_search\":false,\"store_locator_location_placeholder\":\"\",\"store_locator_name_search\":false,\"store_locator_name_string\":\"\",\"sl_stroke_color\":\"\",\"sl_stroke_opacity\":\"\",\"sl_fill_color\":\"\",\"sl_fill_opacity\":\"\",\"wpgmza_map_align\":\"1\",\"jump_to_nearest_marker_on_initialization\":false,\"automatically_pan_to_users_location\":false,\"override_users_location_zoom_level\":false,\"override_users_location_zoom_levels\":\"\",\"show_distance_from_location\":false,\"map_min_zoom\":\"0\",\"click_open_link\":false,\"fit_maps_bounds_to_markers\":false,\"fit_maps_bounds_to_markers_after_filtering\":false,\"hide_point_of_interest\":false,\"wpgmza_zoom_on_marker_click\":false,\"wpgmza_zoom_on_marker_click_slider\":\"\",\"close_infowindow_on_map_click\":false,\"disable_lightbox_images\":false,\"use_Raw_Jpeg_Coordinates\":false,\"polygon_labels\":false,\"disable_polygon_info_windows\":false,\"enable_marker_ratings\":false,\"only_load_markers_within_viewport\":false,\"zoom_level_mobile_override_enabled\":false,\"zoom_level_mobile_override\":\"\",\"iw_primary_color\":\"#000000\",\"iw_accent_color\":\"#000000\",\"iw_text_color\":\"#000000\",\"wpgmza_listmarkers_by\":\"0\",\"wpgmza_marker_listing_position\":false,\"wpgmza_push_in_map\":false,\"wpgmza_push_in_map_placement\":null,\"wpgmza_push_in_map_width\":\"\",\"wpgmza_push_in_map_height\":\"\",\"zoom_level_on_marker_listing_override\":false,\"zoom_level_on_marker_listing_click\":\"\",\"marker_listing_disable_zoom\":false,\"datatable_no_result_message\":\"\",\"remove_search_box_datables\":false,\"dataTable_pagination_style\":null,\"datatable_search_string\":\"\",\"datatable_result_start\":\"\",\"datatable_result_of\":\"\",\"datatable_result_to\":\"\",\"datatable_result_total\":\"\",\"datatable_result_show\":\"\",\"datatable_result_entries\":\"\",\"wpgmza_savemap\":\"Enregistrer la carte \\u00bb\"}}' data-map-id='1' Data-maps-engine='' data-shortcode-attributes='{\"id\":\"1\"}' style=\"display:block; overflow:auto; width:100%; height:400px; float:left;\"><\/div><div class=\"wpgmza-store-locator wpgmza_sl_main_div\" data-id=\"1\">\r\n\t<div class=\"wpgmza-address-container wpgmza-form-field wpgmza_sl_query_div wpgmza-clearfix\">\r\n\t\t<label class=\"wpgmza-address wpgmza-form-field__label wpgmza-form-field__label--float\" data-name=\"addressLabel\" for=\"addressInput\">Code Postal \/ Adresse<\/label>\r\n\t\t<input class=\"wpgmza-address\" type=\"text\" placeholder=\"Utilisez ma localisation\" autocomplete=\"off\" data-name=\"defaultAddress\" value=\"\" id=\"addressInput\" size=\"20\" aria-label=\"Code Postal \/ Adresse\">\r\n\t<\/div>\r\n\t\r\n\t<div class=\"wpgmza-radius-container wpgmza-form-field wpgmza_sl_radius_div wpgmza-clearfix\">\r\n\t\t<label class=\"wpgmza-radius wpgmza-form-field__label wpgmza-form-field__label--float\" for=\"radiusSelect\">\r\n\t\t\tRadius\t\t<\/label>\r\n\t\t<select class=\"wpgmza-radius wpgmza-form-field__input wpgmza_sl_radius_select\" id=\"radiusSelect\" aria-label=\"Radius\"><option class=\"wpgmza-radius wpgmza_sl_select_option\" value=\"1\">1mi<\/option><option class=\"wpgmza-radius wpgmza_sl_select_option\" value=\"5\">5mi<\/option><option class=\"wpgmza-radius wpgmza_sl_select_option\" value=\"10\" selected>10mi<\/option><option class=\"wpgmza-radius wpgmza_sl_select_option\" value=\"25\">25mi<\/option><option class=\"wpgmza-radius wpgmza_sl_select_option\" value=\"50\">50mi<\/option><option class=\"wpgmza-radius wpgmza_sl_select_option\" value=\"75\">75mi<\/option><option class=\"wpgmza-radius wpgmza_sl_select_option\" value=\"100\">100mi<\/option><option class=\"wpgmza-radius wpgmza_sl_select_option\" value=\"150\">150mi<\/option><option class=\"wpgmza-radius wpgmza_sl_select_option\" value=\"200\">200mi<\/option><option class=\"wpgmza-radius wpgmza_sl_select_option\" value=\"300\">300mi<\/option><\/select>\r\n\t<\/div>\r\n\t\r\n\t<input class=\"wpgmza-search wpgmza_sl_search_button wpgmza_sl_search_button_1\" value=\"Rechercher\" type=\"button\" onclick=\"searchLocations(1)\">\r\n\t\r\n\t<div class=\"wpgmza-no-results wpgmza-not-found-msg js-not-found-msg\" style=\"display: none;\">\r\n\t\t<p data-name=\"notFoundMessage\">No results found in this location. Please try again.<\/p>\r\n\t<\/div>\r\n<\/div>\n<\/div>\n\n\n\n<div class=\"wp-block-column is-layout-flow wp-block-column-is-layout-flow\">\n<div class=\"wpcf7 no-js\" id=\"wpcf7-f141-o1\" lang=\"fr-FR\" dir=\"ltr\" data-wpcf7-id=\"141\">\n<div class=\"screen-reader-response\"><p role=\"status\" aria-live=\"polite\" aria-atomic=\"true\"><\/p> <ul><\/ul><\/div>\n<form action=\"\/index.php\/wp-json\/wp\/v2\/pages\/25#wpcf7-f141-o1\" method=\"post\" class=\"wpcf7-form init\" aria-label=\"Formulaire de contact\" novalidate=\"novalidate\" data-status=\"init\">\n<fieldset class=\"hidden-fields-container\"><input type=\"hidden\" name=\"_wpcf7\" value=\"141\" \/><input type=\"hidden\" name=\"_wpcf7_version\" value=\"6.1.3\" \/><input type=\"hidden\" name=\"_wpcf7_locale\" value=\"fr_FR\" \/><input type=\"hidden\" name=\"_wpcf7_unit_tag\" value=\"wpcf7-f141-o1\" \/><input type=\"hidden\" name=\"_wpcf7_container_post\" value=\"0\" \/><input type=\"hidden\" name=\"_wpcf7_posted_data_hash\" value=\"\" \/><input type=\"hidden\" name=\"_wpcf7_recaptcha_response\" value=\"\" \/>\n<\/fieldset>\n<div id=\"formulaire-responsive\" class=\"clearfix\">\n\t<div class=\"rang-form\">\n\t\t<div class=\"colonne\">\n\t\t\t<p>Votre nom (obligatoire) <span class=\"wpcf7-form-control-wrap\" data-name=\"nom\"><input size=\"40\" maxlength=\"400\" class=\"wpcf7-form-control wpcf7-text wpcf7-validates-as-required\" aria-required=\"true\" aria-invalid=\"false\" value=\"\" type=\"text\" name=\"nom\" \/><\/span>\n\t\t\t<\/p>\n\t\t<\/div>\n\t<\/div>\n\t<div class=\"rang-form\">\n\t\t<div class=\"colonne\">\n\t\t\t<p>Votre pr\u00e9nom (obligatoire) <span class=\"wpcf7-form-control-wrap\" data-name=\"prenom\"><input size=\"40\" maxlength=\"400\" class=\"wpcf7-form-control wpcf7-text wpcf7-validates-as-required\" aria-required=\"true\" aria-invalid=\"false\" value=\"\" type=\"text\" name=\"prenom\" \/><\/span>\n\t\t\t<\/p>\n\t\t<\/div>\n\t<\/div>\n\t<div class=\"rang-form\">\n\t\t<div class=\"colonne\">\n\t\t\t<p>T\u00e9l\u00e9phone (obligatoire) <span class=\"wpcf7-form-control-wrap\" data-name=\"tel\"><input size=\"40\" maxlength=\"400\" class=\"wpcf7-form-control wpcf7-tel wpcf7-validates-as-required wpcf7-text wpcf7-validates-as-tel\" aria-required=\"true\" aria-invalid=\"false\" value=\"\" type=\"tel\" name=\"tel\" \/><\/span>\n\t\t\t<\/p>\n\t\t<\/div>\n\t<\/div>\n\t<div class=\"rang-form\">\n\t\t<div class=\"colonne\">\n\t\t\t<p>Votre e-mail (obligatoire) <span class=\"wpcf7-form-control-wrap\" data-name=\"email\"><input size=\"40\" maxlength=\"400\" class=\"wpcf7-form-control wpcf7-email wpcf7-validates-as-required wpcf7-text wpcf7-validates-as-email\" aria-required=\"true\" aria-invalid=\"false\" value=\"\" type=\"email\" name=\"email\" \/><\/span>\n\t\t\t<\/p>\n\t\t<\/div>\n\t<\/div>\n\t<div class=\"rang-form\">\n\t\t<div class=\"colonne\">\n\t\t\t<p>Sujet <span class=\"wpcf7-form-control-wrap\" data-name=\"sujet\"><input size=\"40\" maxlength=\"400\" class=\"wpcf7-form-control wpcf7-text\" aria-invalid=\"false\" value=\"\" type=\"text\" name=\"sujet\" \/><\/span>\n\t\t\t<\/p>\n\t\t<\/div>\n\t<\/div>\n\t<div class=\"rang-form\">\n\t\t<div class=\"colonne\">\n\t\t\t<p>Votre message <span class=\"wpcf7-form-control-wrap\" data-name=\"message\"><textarea cols=\"40\" rows=\"10\" maxlength=\"2000\" class=\"wpcf7-form-control wpcf7-textarea\" aria-invalid=\"false\" name=\"message\"><\/textarea><\/span>\n\t\t\t<\/p>\n\t\t<\/div>\n\t<\/div>\n\t<div class=\"rang-form\">\n\t\t<div class=\"colonne\">\n\t\t\t<p><span class=\"wpcf7-form-control-wrap\" data-name=\"acceptance-964\"><span class=\"wpcf7-form-control wpcf7-acceptance\"><span class=\"wpcf7-list-item\"><label><input type=\"checkbox\" name=\"acceptance-964\" value=\"1\" aria-invalid=\"false\" \/><span class=\"wpcf7-list-item-label\">J'autorise Marie Laure Percot \u00e0 me contacter et \u00e0 utiliser mes donn\u00e9es (obligatoire si vous souhaitez \u00eatre recontact\u00e9). Mes donn\u00e9es ne seront jamais transmises \u00e0 des tiers. <a href=\"http:\/\/www.marielaurepercot.fr\/index.php\/mentions-legales\/\" target=\"_blank\">Consultez ma politique de confidentialit\u00e9<\/a><\/span><\/label><\/span><\/span><\/span>\n\t\t\t<\/p>\n\t\t<\/div>\n\t<\/div>\n\t<div class=\"rang-form\">\n\t\t<div class=\"colonne\">\n\t\t<span class=\"wpcf7-form-control-wrap recaptcha\" data-name=\"recaptcha\"><span data-sitekey=\"6LfVxx8dAAAAAIIrVxM21zQovCFw1VAOYeAu5f1q\" class=\"wpcf7-form-control wpcf7-recaptcha g-recaptcha\"><\/span>\r\n<noscript>\r\n\t<div class=\"grecaptcha-noscript\">\r\n\t\t<iframe loading=\"lazy\" src=\"https:\/\/www.google.com\/recaptcha\/api\/fallback?k=6LfVxx8dAAAAAIIrVxM21zQovCFw1VAOYeAu5f1q\" frameborder=\"0\" scrolling=\"no\" width=\"310\" height=\"430\">\r\n\t\t<\/iframe>\r\n\t\t<textarea name=\"g-recaptcha-response\" rows=\"3\" cols=\"40\" placeholder=\"reCaptcha Response Here\">\r\n\t\t<\/textarea>\r\n\t<\/div>\r\n<\/noscript>\r\n<\/span>\n\t\t<\/div>\n\t<\/div>\n\t<div class=\"rang-form\">\n\t\t<div class=\"colonne\">\n\t\t\t<p><input class=\"wpcf7-form-control wpcf7-submit has-spinner\" type=\"submit\" value=\"Envoyer\" \/>\n\t\t\t<\/p>\n\t\t<\/div>\n\t<\/div>\n<\/div><div class=\"wpcf7-response-output\" aria-hidden=\"true\"><\/div>\n<\/form>\n<\/div>\n\n<\/div>\n<\/div>\n","protected":false},"excerpt":{"rendered":"<p>Pour prendre contact avec moi,vous pouvez utiliser le formulaire ci-contreou me joindre par t\u00e9l\u00e9phone au 06 87 21 64 20. A St Nazaire :Centre de Bien-\u00catre et de Sant\u00e950 rue Pitre Grenapin<\/p>\n","protected":false},"author":1,"featured_media":0,"parent":0,"menu_order":0,"comment_status":"closed","ping_status":"closed","template":"","meta":{"_exactmetrics_skip_tracking":false,"_exactmetrics_sitenote_active":false,"_exactmetrics_sitenote_note":"","_exactmetrics_sitenote_category":0,"_themeisle_gutenberg_block_has_review":false,"footnotes":""},"class_list":["post-25","page","type-page","status-publish","hentry"],"yoast_head":"<!-- This site is optimized with the Yoast SEO plugin v26.4 - https:\/\/yoast.com\/wordpress\/plugins\/seo\/ -->\n<title>Contact - Marie Laure Percot<\/title>\n<meta name=\"description\" content=\"Pour prendre contact avec marie Laure, somatoth\u00e9rapeute, utillisez ce formulaire ou par t\u00e9l\u00e9phone. retrouvez aussi la localisation de mon cabinet.\" \/>\n<meta name=\"robots\" content=\"index, follow, max-snippet:-1, max-image-preview:large, max-video-preview:-1\" \/>\n<link rel=\"canonical\" href=\"http:\/\/www.marielaurepercot.fr\/index.php\/contact\/\" \/>\n<meta property=\"og:locale\" content=\"fr_FR\" \/>\n<meta property=\"og:type\" content=\"article\" \/>\n<meta property=\"og:title\" content=\"Contact - Marie Laure Percot\" \/>\n<meta property=\"og:description\" content=\"Pour prendre contact avec marie Laure, somatoth\u00e9rapeute, utillisez ce formulaire ou par t\u00e9l\u00e9phone. retrouvez aussi la localisation de mon cabinet.\" \/>\n<meta property=\"og:url\" content=\"http:\/\/www.marielaurepercot.fr\/index.php\/contact\/\" \/>\n<meta property=\"og:site_name\" content=\"Marie Laure Percot\" \/>\n<meta property=\"article:modified_time\" content=\"2025-07-21T13:57:23+00:00\" \/>\n<meta property=\"og:image\" content=\"http:\/\/www.marielaurepercot.fr\/wp-content\/uploads\/2017\/01\/Logo.jpg\" \/>\n\t<meta property=\"og:image:width\" content=\"350\" \/>\n\t<meta property=\"og:image:height\" content=\"175\" \/>\n\t<meta property=\"og:image:type\" content=\"image\/jpeg\" \/>\n<meta name=\"twitter:card\" content=\"summary_large_image\" \/>\n<meta name=\"twitter:label1\" content=\"Dur\u00e9e de lecture estim\u00e9e\" \/>\n\t<meta name=\"twitter:data1\" content=\"1 minute\" \/>\n<script type=\"application\/ld+json\" class=\"yoast-schema-graph\">{\"@context\":\"https:\/\/schema.org\",\"@graph\":[{\"@type\":\"WebPage\",\"@id\":\"http:\/\/www.marielaurepercot.fr\/index.php\/contact\/\",\"url\":\"http:\/\/www.marielaurepercot.fr\/index.php\/contact\/\",\"name\":\"Contact - Marie Laure Percot\",\"isPartOf\":{\"@id\":\"http:\/\/www.marielaurepercot.fr\/#website\"},\"datePublished\":\"2017-01-11T17:06:12+00:00\",\"dateModified\":\"2025-07-21T13:57:23+00:00\",\"description\":\"Pour prendre contact avec marie Laure, somatoth\u00e9rapeute, utillisez ce formulaire ou par t\u00e9l\u00e9phone. retrouvez aussi la localisation de mon cabinet.\",\"breadcrumb\":{\"@id\":\"http:\/\/www.marielaurepercot.fr\/index.php\/contact\/#breadcrumb\"},\"inLanguage\":\"fr-FR\",\"potentialAction\":[{\"@type\":\"ReadAction\",\"target\":[\"http:\/\/www.marielaurepercot.fr\/index.php\/contact\/\"]}]},{\"@type\":\"BreadcrumbList\",\"@id\":\"http:\/\/www.marielaurepercot.fr\/index.php\/contact\/#breadcrumb\",\"itemListElement\":[{\"@type\":\"ListItem\",\"position\":1,\"name\":\"Accueil\",\"item\":\"http:\/\/www.marielaurepercot.fr\/\"},{\"@type\":\"ListItem\",\"position\":2,\"name\":\"Contact\"}]},{\"@type\":\"WebSite\",\"@id\":\"http:\/\/www.marielaurepercot.fr\/#website\",\"url\":\"http:\/\/www.marielaurepercot.fr\/\",\"name\":\"Marie Laure Percot\",\"description\":\"somatotherapeute\",\"publisher\":{\"@id\":\"http:\/\/www.marielaurepercot.fr\/#organization\"},\"potentialAction\":[{\"@type\":\"SearchAction\",\"target\":{\"@type\":\"EntryPoint\",\"urlTemplate\":\"http:\/\/www.marielaurepercot.fr\/?s={search_term_string}\"},\"query-input\":{\"@type\":\"PropertyValueSpecification\",\"valueRequired\":true,\"valueName\":\"search_term_string\"}}],\"inLanguage\":\"fr-FR\"},{\"@type\":\"Organization\",\"@id\":\"http:\/\/www.marielaurepercot.fr\/#organization\",\"name\":\"Marie Laure Percot\",\"url\":\"http:\/\/www.marielaurepercot.fr\/\",\"logo\":{\"@type\":\"ImageObject\",\"inLanguage\":\"fr-FR\",\"@id\":\"http:\/\/www.marielaurepercot.fr\/#\/schema\/logo\/image\/\",\"url\":\"http:\/\/www.marielaurepercot.fr\/wp-content\/uploads\/2025\/07\/LogoBD.png\",\"contentUrl\":\"http:\/\/www.marielaurepercot.fr\/wp-content\/uploads\/2025\/07\/LogoBD.png\",\"width\":340,\"height\":148,\"caption\":\"Marie Laure Percot\"},\"image\":{\"@id\":\"http:\/\/www.marielaurepercot.fr\/#\/schema\/logo\/image\/\"}}]}<\/script>\n<!-- \/ Yoast SEO plugin. -->","yoast_head_json":{"title":"Contact - Marie Laure Percot","description":"Pour prendre contact avec marie Laure, somatoth\u00e9rapeute, utillisez ce formulaire ou par t\u00e9l\u00e9phone. retrouvez aussi la localisation de mon cabinet.","robots":{"index":"index","follow":"follow","max-snippet":"max-snippet:-1","max-image-preview":"max-image-preview:large","max-video-preview":"max-video-preview:-1"},"canonical":"http:\/\/www.marielaurepercot.fr\/index.php\/contact\/","og_locale":"fr_FR","og_type":"article","og_title":"Contact - Marie Laure Percot","og_description":"Pour prendre contact avec marie Laure, somatoth\u00e9rapeute, utillisez ce formulaire ou par t\u00e9l\u00e9phone. retrouvez aussi la localisation de mon cabinet.","og_url":"http:\/\/www.marielaurepercot.fr\/index.php\/contact\/","og_site_name":"Marie Laure Percot","article_modified_time":"2025-07-21T13:57:23+00:00","og_image":[{"width":350,"height":175,"url":"http:\/\/www.marielaurepercot.fr\/wp-content\/uploads\/2017\/01\/Logo.jpg","type":"image\/jpeg"}],"twitter_card":"summary_large_image","twitter_misc":{"Dur\u00e9e de lecture estim\u00e9e":"1 minute"},"schema":{"@context":"https:\/\/schema.org","@graph":[{"@type":"WebPage","@id":"http:\/\/www.marielaurepercot.fr\/index.php\/contact\/","url":"http:\/\/www.marielaurepercot.fr\/index.php\/contact\/","name":"Contact - Marie Laure Percot","isPartOf":{"@id":"http:\/\/www.marielaurepercot.fr\/#website"},"datePublished":"2017-01-11T17:06:12+00:00","dateModified":"2025-07-21T13:57:23+00:00","description":"Pour prendre contact avec marie Laure, somatoth\u00e9rapeute, utillisez ce formulaire ou par t\u00e9l\u00e9phone. retrouvez aussi la localisation de mon cabinet.","breadcrumb":{"@id":"http:\/\/www.marielaurepercot.fr\/index.php\/contact\/#breadcrumb"},"inLanguage":"fr-FR","potentialAction":[{"@type":"ReadAction","target":["http:\/\/www.marielaurepercot.fr\/index.php\/contact\/"]}]},{"@type":"BreadcrumbList","@id":"http:\/\/www.marielaurepercot.fr\/index.php\/contact\/#breadcrumb","itemListElement":[{"@type":"ListItem","position":1,"name":"Accueil","item":"http:\/\/www.marielaurepercot.fr\/"},{"@type":"ListItem","position":2,"name":"Contact"}]},{"@type":"WebSite","@id":"http:\/\/www.marielaurepercot.fr\/#website","url":"http:\/\/www.marielaurepercot.fr\/","name":"Marie Laure Percot","description":"somatotherapeute","publisher":{"@id":"http:\/\/www.marielaurepercot.fr\/#organization"},"potentialAction":[{"@type":"SearchAction","target":{"@type":"EntryPoint","urlTemplate":"http:\/\/www.marielaurepercot.fr\/?s={search_term_string}"},"query-input":{"@type":"PropertyValueSpecification","valueRequired":true,"valueName":"search_term_string"}}],"inLanguage":"fr-FR"},{"@type":"Organization","@id":"http:\/\/www.marielaurepercot.fr\/#organization","name":"Marie Laure Percot","url":"http:\/\/www.marielaurepercot.fr\/","logo":{"@type":"ImageObject","inLanguage":"fr-FR","@id":"http:\/\/www.marielaurepercot.fr\/#\/schema\/logo\/image\/","url":"http:\/\/www.marielaurepercot.fr\/wp-content\/uploads\/2025\/07\/LogoBD.png","contentUrl":"http:\/\/www.marielaurepercot.fr\/wp-content\/uploads\/2025\/07\/LogoBD.png","width":340,"height":148,"caption":"Marie Laure Percot"},"image":{"@id":"http:\/\/www.marielaurepercot.fr\/#\/schema\/logo\/image\/"}}]}},"_links":{"self":[{"href":"http:\/\/www.marielaurepercot.fr\/index.php\/wp-json\/wp\/v2\/pages\/25","targetHints":{"allow":["GET"]}}],"collection":[{"href":"http:\/\/www.marielaurepercot.fr\/index.php\/wp-json\/wp\/v2\/pages"}],"about":[{"href":"http:\/\/www.marielaurepercot.fr\/index.php\/wp-json\/wp\/v2\/types\/page"}],"author":[{"embeddable":true,"href":"http:\/\/www.marielaurepercot.fr\/index.php\/wp-json\/wp\/v2\/users\/1"}],"replies":[{"embeddable":true,"href":"http:\/\/www.marielaurepercot.fr\/index.php\/wp-json\/wp\/v2\/comments?post=25"}],"version-history":[{"count":33,"href":"http:\/\/www.marielaurepercot.fr\/index.php\/wp-json\/wp\/v2\/pages\/25\/revisions"}],"predecessor-version":[{"id":2655,"href":"http:\/\/www.marielaurepercot.fr\/index.php\/wp-json\/wp\/v2\/pages\/25\/revisions\/2655"}],"wp:attachment":[{"href":"http:\/\/www.marielaurepercot.fr\/index.php\/wp-json\/wp\/v2\/media?parent=25"}],"curies":[{"name":"wp","href":"https:\/\/api.w.org\/{rel}","templated":true}]}}