{"id":29,"date":"2017-01-11T18:06:40","date_gmt":"2017-01-11T17:06:40","guid":{"rendered":"http:\/\/www.marielaurepercot.fr\/?page_id=29"},"modified":"2022-09-12T14:37:16","modified_gmt":"2022-09-12T12:37:16","slug":"mentions-legales","status":"publish","type":"page","link":"http:\/\/www.marielaurepercot.fr\/index.php\/mentions-legales\/","title":{"rendered":"Mentions l\u00e9gales &#038; Politique de Confidentialit\u00e9"},"content":{"rendered":"\n<h4 class=\"wp-block-heading\">1- Informations sur le responsable de publication<\/h4>\n\n\n\n<p>Ce site est \u00e9dit\u00e9 par Marie Laure Percot<br>SIRET : 797\u00a0479\u00a0433 000014<br>Adresse du si\u00e8ge : 24, boulevard de l\u2019Universit\u00e9 44600 Saint Nazaire<br>T\u00e9l\u00e9phone : 06 87 21 64 20<br>Responsable de la publication : Marie Laure Percot<br>La conception \u00e9ditoriale et le suivi du site sont r\u00e9alis\u00e9s par Claire Tossan \u2013 <a href=\"https:\/\/www.claireetclaire;fr\" target=\"_blank\" rel=\"noreferrer noopener\">Claire &amp; Claire<\/a>.<br>Pour plus d&rsquo;information sur les choix \u00e9ditoriaux, <a href=\"http:\/\/www.marielaurepercot.fr\/index.php\/contact\/\" target=\"_blank\" rel=\"noreferrer noopener\">consultez moi<\/a>.<\/p>\n\n\n\n<p>Photos : <a href=\"https:\/\/www.claireetclaire.fr\" target=\"_blank\" rel=\"noreferrer noopener\">Claire &amp; Claire<\/a>, Pexel et Pixabay<\/p>\n\n\n\n<h4 class=\"wp-block-heading\">2- \u00c9diteur et h\u00e9bergeur du site<\/h4>\n\n\n\n<p>Editeur du Site : <a href=\"https:\/\/www.claireetclaire.fr\" target=\"_blank\" rel=\"noreferrer noopener\">Claire &amp; Claire<\/a><br>T\u00e9l. : (+33)6 64 25 84 28<br>Email : contact@claireetclaire.fr<br>493 385 991 00028<\/p>\n\n\n\n<p>H\u00e9bergeur : OVH<br>2 rue Kellerman BP 80157 Roubaix cedex 1<br>RSC Lille M\u00e9tropole 424 761 419 0004<\/p>\n\n\n\n<h4 class=\"wp-block-heading\">3- Conditions d&rsquo;utilisation du site<\/h4>\n\n\n\n<p>Les informations contenues dans ce site sont donn\u00e9es \u00e0 titre indicatif et peuvent \u00eatre modifi\u00e9es \u00e0 tout moment. Marie Laure Percot ne peut \u00eatre tenu responsable du contenu erron\u00e9 des informations qui leur seraient transmises par des tiers ni d\u2019une mauvaise utilisation de ces services .<br>Tout contenu t\u00e9l\u00e9charg\u00e9 se fait aux risques et p\u00e9rils de l&rsquo;utilisateur et sous sa seule responsabilit\u00e9. En cons\u00e9quence, Marie Laure Percot ne saurait \u00eatre tenu responsable d&rsquo;un quelconque dommage subi par l&rsquo;ordinateur de l&rsquo;utilisateur ou d&rsquo;une quelconque perte de donn\u00e9es cons\u00e9cutives au t\u00e9l\u00e9chargement.<br>Le site accessible par l\u2019url www.marielaurepercot.fr est exploit\u00e9 dans le respect de la l\u00e9gislation fran\u00e7aise. L&rsquo;utilisation de ce site est r\u00e9gie par les pr\u00e9sentes mentions l\u00e9gales. En utilisant le site, vous reconnaissez avoir pris connaissance de ces conditions et les avoir accept\u00e9es.<br>Les photos sont non contractuelles.<br>Les liens hypertextes mis en place dans le cadre du pr\u00e9sent site internet en direction d&rsquo;autres ressources pr\u00e9sentes sur le r\u00e9seau Internet ne sauraient engager la responsabilit\u00e9 de Marie Laure Percot.<\/p>\n\n\n\n<h4 class=\"wp-block-heading\">4- Droit d&rsquo;acc\u00e8s<\/h4>\n\n\n\n<p>En application de cette loi dite \u00ab\u00a0informatique et libert\u00e9s\u00a0\u00bb, les internautes disposent d\u2019un droit d\u2019acc\u00e8s, de rectification, de modification et de suppression concernant les donn\u00e9es qui les concernent personnellement. Ce droit s&rsquo;exerce par courrier ou par voie \u00e9lectronique \u00e0 l&rsquo;adresse suivante :<br>Marie Laure Percot<br>24 boulevard de l&rsquo;Universit\u00e9 44600 Saint Nazaire<br>06 87 21 64 20<br>E-mail de contact&nbsp;: <a href=\"http:\/\/www.marielaurepercot.fr\/index.php\/contact\/\" target=\"_blank\" rel=\"noreferrer noopener\">info@marielaurepercot.fr<\/a> ou marielaure.percot@neuf.fr<\/p>\n\n\n\n<h4 class=\"wp-block-heading\">5- Confidentialit\u00e9<\/h4>\n\n\n\n<p>Votre adresse e-mail ne nous sert qu&rsquo;\u00e0 vous diffuser des lettres d&rsquo;information ou \u00e0 vous contacter directement. Vous \u00eates libre, \u00e0 tout moment, de ne plus recevoir la lettre d&rsquo;information. L&rsquo;utilisateur est inform\u00e9 que lors de ses visites sur le site un cookie peut s&rsquo;installer automatiquement sur son logiciel de la navigation (voir paragraphe Cookie).<br>Vos donn\u00e9es personnelles sont confidentielles et ne seront en aucun cas communiqu\u00e9es \u00e0 des tiers hormis pour la bonne ex\u00e9cution de la prestation.<\/p>\n\n\n\n<h4 class=\"wp-block-heading\">6- Propri\u00e9t\u00e9 intellectuelle<\/h4>\n\n\n\n<p>Le site ainsi que tous les \u00e9l\u00e9ments le composant et notamment : les textes, les images fixes ou anim\u00e9es, les compositions sonores, la charte graphique et les bases de donn\u00e9es (droits des producteurs de bases de donn\u00e9es\u00a0\u00bb vis\u00e9s au Livre III, Titre IV, du Code de la Propri\u00e9t\u00e9 Intellectuelle, loi n\u00b0 98-536 du 1er juillet 1998) sont la propri\u00e9t\u00e9 exclusive de leurs auteurs, \u00e0 l&rsquo;exception des marques, logos ou contenus appartenant \u00e0 d&rsquo;autres soci\u00e9t\u00e9s partenaires ou auteurs, et sont prot\u00e9g\u00e9s au titre des dispositions du Code de la propri\u00e9t\u00e9 intellectuelle.<br>En cons\u00e9quence, toute reproduction ou repr\u00e9sentation totale ou partielle de ce site, toute extraction de la base de donn\u00e9es par quelque proc\u00e9d\u00e9 que ce soit, sans l&rsquo;autorisation expresse de Marie Laure Percot est interdite. Il en est de m\u00eame des bases de donn\u00e9es accessibles sur le site adresse du site qui sont \u00e9galement prot\u00e9g\u00e9es.<br>Cette repr\u00e9sentation ou reproduction, par quelque proc\u00e9d\u00e9 que ce soit, constitue une contrefa\u00e7on sanctionn\u00e9e par les articles L.335-2 et suivants du Code de la propri\u00e9t\u00e9 intellectuelle. Le non-respect de cette interdiction constitue une contrefa\u00e7on pouvant engager la responsabilit\u00e9 civile et p\u00e9nale du contrefacteur.<\/p>\n\n\n\n<h4 class=\"wp-block-heading\">7- Cookies<\/h4>\n\n\n\n<p>L&rsquo;utilisateur est inform\u00e9 que lors de ses visites sur le site, un ou des cookies peuvent s&rsquo;installer automatiquement sur son logiciel de la navigation. Le cookie est un bloc de donn\u00e9es qui ne permet pas de l&rsquo;identifier mais qui sert \u00e0 enregistrer des informations relatives \u00e0 la navigation de celui-ci sur le site. Le param\u00e9trage du logiciel de navigation permet d&rsquo;informer de la pr\u00e9sence d&rsquo;un cookie et notamment de la refuser.<br>L\u2019internaute a la possibilit\u00e9 d\u2019accepter ou refuser le cookie d\u00e8s son arriv\u00e9e sur le site adresse du site.<\/p>\n\n\n\n<h4 class=\"wp-block-heading\">8- Liens hypertextes<\/h4>\n\n\n\n<p>Le site www.marielaurepercot.fr offre des liens vers d\u2019autres sites internet ou d\u2019autres ressources disponibles sur Internet.<br>Marie Laure Percot ne dispose d&rsquo;aucun moyen pour contr\u00f4ler les sites en connexion avec ses sites internet. Elle ne peut \u00eatre tenue pour responsable de tout dommage, de quelque nature que ce soit, r\u00e9sultant du contenu de ces sites ou sources externes, et notamment des informations, produits ou services qu\u2019ils proposent, ou de tout usage qui peut \u00eatre fait de ces \u00e9l\u00e9ments.<br>Dans le cadre d\u2019informations suppl\u00e9mentaires (lien hypertexte), le renvoi sur un site internet ne signifie jamais que nom de l&rsquo;entreprise reconna\u00eet ou accepte quelque responsabilit\u00e9 quant \u00e0 la teneur ou \u00e0 l&rsquo;utilisation dudit site.<br>Il appartient \u00e0 l\u2019internaute de prendre les pr\u00e9cautions d&rsquo;usage n\u00e9cessaires afin d\u2019assurer la s\u00e9curit\u00e9 de sa navigation.<\/p>\n\n\n\n<h4 class=\"wp-block-heading\">9- Litiges<\/h4>\n\n\n\n<p>Les pr\u00e9sentes conditions sont r\u00e9gies par les lois fran\u00e7aises. En cas de contestation ou litige, une solution amiable sera recherch\u00e9e avant toute action judiciaire. \u00c0 d\u00e9faut tout r\u00e8glement contentieux sera de la comp\u00e9tence du tribunal de commerce de Saint Nazaire.<\/p>\n","protected":false},"excerpt":{"rendered":"<p>1- Informations sur le responsable de publication Ce site est \u00e9dit\u00e9 par Marie Laure PercotSIRET : 797\u00a0479\u00a0433 000014Adresse du si\u00e8ge : 24, boulevard de l\u2019Universit\u00e9 44600 Saint NazaireT\u00e9l\u00e9phone : 06 87 21 64 20Responsable de la publication : Marie Laure PercotLa conception \u00e9ditoriale et le suivi du site sont r\u00e9alis\u00e9s par Claire Tossan \u2013 Claire&hellip; <br \/> <a class=\"button small blue\" href=\"http:\/\/www.marielaurepercot.fr\/index.php\/mentions-legales\/\">Lire la suite<\/a><\/p>\n","protected":false},"author":1,"featured_media":0,"parent":0,"menu_order":0,"comment_status":"closed","ping_status":"closed","template":"","meta":{"_exactmetrics_skip_tracking":false,"_exactmetrics_sitenote_active":false,"_exactmetrics_sitenote_note":"","_exactmetrics_sitenote_category":0,"_themeisle_gutenberg_block_has_review":false,"footnotes":""},"class_list":["post-29","page","type-page","status-publish","hentry"],"yoast_head":"<!-- This site is optimized with the Yoast SEO plugin v26.4 - https:\/\/yoast.com\/wordpress\/plugins\/seo\/ -->\n<title>Mentions l\u00e9gales &amp; Politique de Confidentialit\u00e9 - Marie Laure Percot<\/title>\n<meta name=\"robots\" content=\"index, follow, max-snippet:-1, max-image-preview:large, max-video-preview:-1\" \/>\n<link rel=\"canonical\" href=\"http:\/\/www.marielaurepercot.fr\/index.php\/mentions-legales\/\" \/>\n<meta property=\"og:locale\" content=\"fr_FR\" \/>\n<meta property=\"og:type\" content=\"article\" \/>\n<meta property=\"og:title\" content=\"Mentions l\u00e9gales &amp; Politique de Confidentialit\u00e9 - Marie Laure Percot\" \/>\n<meta property=\"og:description\" content=\"1- Informations sur le responsable de publication Ce site est \u00e9dit\u00e9 par Marie Laure PercotSIRET : 797\u00a0479\u00a0433 000014Adresse du si\u00e8ge : 24, boulevard de l\u2019Universit\u00e9 44600 Saint NazaireT\u00e9l\u00e9phone : 06 87 21 64 20Responsable de la publication : Marie Laure PercotLa conception \u00e9ditoriale et le suivi du site sont r\u00e9alis\u00e9s par Claire Tossan \u2013 Claire&hellip; Lire la suite\" \/>\n<meta property=\"og:url\" content=\"http:\/\/www.marielaurepercot.fr\/index.php\/mentions-legales\/\" \/>\n<meta property=\"og:site_name\" content=\"Marie Laure Percot\" \/>\n<meta property=\"article:modified_time\" content=\"2022-09-12T12:37:16+00:00\" \/>\n<meta property=\"og:image\" content=\"http:\/\/www.marielaurepercot.fr\/wp-content\/uploads\/2017\/01\/Logo.jpg\" \/>\n\t<meta property=\"og:image:width\" content=\"350\" \/>\n\t<meta property=\"og:image:height\" content=\"175\" \/>\n\t<meta property=\"og:image:type\" content=\"image\/jpeg\" \/>\n<meta name=\"twitter:card\" content=\"summary_large_image\" \/>\n<meta name=\"twitter:label1\" content=\"Dur\u00e9e de lecture estim\u00e9e\" \/>\n\t<meta name=\"twitter:data1\" content=\"5 minutes\" \/>\n<script type=\"application\/ld+json\" class=\"yoast-schema-graph\">{\"@context\":\"https:\/\/schema.org\",\"@graph\":[{\"@type\":\"WebPage\",\"@id\":\"http:\/\/www.marielaurepercot.fr\/index.php\/mentions-legales\/\",\"url\":\"http:\/\/www.marielaurepercot.fr\/index.php\/mentions-legales\/\",\"name\":\"Mentions l\u00e9gales & Politique de Confidentialit\u00e9 - Marie Laure Percot\",\"isPartOf\":{\"@id\":\"http:\/\/www.marielaurepercot.fr\/#website\"},\"datePublished\":\"2017-01-11T17:06:40+00:00\",\"dateModified\":\"2022-09-12T12:37:16+00:00\",\"breadcrumb\":{\"@id\":\"http:\/\/www.marielaurepercot.fr\/index.php\/mentions-legales\/#breadcrumb\"},\"inLanguage\":\"fr-FR\",\"potentialAction\":[{\"@type\":\"ReadAction\",\"target\":[\"http:\/\/www.marielaurepercot.fr\/index.php\/mentions-legales\/\"]}]},{\"@type\":\"BreadcrumbList\",\"@id\":\"http:\/\/www.marielaurepercot.fr\/index.php\/mentions-legales\/#breadcrumb\",\"itemListElement\":[{\"@type\":\"ListItem\",\"position\":1,\"name\":\"Accueil\",\"item\":\"http:\/\/www.marielaurepercot.fr\/\"},{\"@type\":\"ListItem\",\"position\":2,\"name\":\"Mentions l\u00e9gales &#038; Politique de Confidentialit\u00e9\"}]},{\"@type\":\"WebSite\",\"@id\":\"http:\/\/www.marielaurepercot.fr\/#website\",\"url\":\"http:\/\/www.marielaurepercot.fr\/\",\"name\":\"Marie Laure Percot\",\"description\":\"somatotherapeute\",\"publisher\":{\"@id\":\"http:\/\/www.marielaurepercot.fr\/#organization\"},\"potentialAction\":[{\"@type\":\"SearchAction\",\"target\":{\"@type\":\"EntryPoint\",\"urlTemplate\":\"http:\/\/www.marielaurepercot.fr\/?s={search_term_string}\"},\"query-input\":{\"@type\":\"PropertyValueSpecification\",\"valueRequired\":true,\"valueName\":\"search_term_string\"}}],\"inLanguage\":\"fr-FR\"},{\"@type\":\"Organization\",\"@id\":\"http:\/\/www.marielaurepercot.fr\/#organization\",\"name\":\"Marie Laure Percot\",\"url\":\"http:\/\/www.marielaurepercot.fr\/\",\"logo\":{\"@type\":\"ImageObject\",\"inLanguage\":\"fr-FR\",\"@id\":\"http:\/\/www.marielaurepercot.fr\/#\/schema\/logo\/image\/\",\"url\":\"http:\/\/www.marielaurepercot.fr\/wp-content\/uploads\/2025\/07\/LogoBD.png\",\"contentUrl\":\"http:\/\/www.marielaurepercot.fr\/wp-content\/uploads\/2025\/07\/LogoBD.png\",\"width\":340,\"height\":148,\"caption\":\"Marie Laure Percot\"},\"image\":{\"@id\":\"http:\/\/www.marielaurepercot.fr\/#\/schema\/logo\/image\/\"}}]}<\/script>\n<!-- \/ Yoast SEO plugin. -->","yoast_head_json":{"title":"Mentions l\u00e9gales & Politique de Confidentialit\u00e9 - Marie Laure Percot","robots":{"index":"index","follow":"follow","max-snippet":"max-snippet:-1","max-image-preview":"max-image-preview:large","max-video-preview":"max-video-preview:-1"},"canonical":"http:\/\/www.marielaurepercot.fr\/index.php\/mentions-legales\/","og_locale":"fr_FR","og_type":"article","og_title":"Mentions l\u00e9gales & Politique de Confidentialit\u00e9 - Marie Laure Percot","og_description":"1- Informations sur le responsable de publication Ce site est \u00e9dit\u00e9 par Marie Laure PercotSIRET : 797\u00a0479\u00a0433 000014Adresse du si\u00e8ge : 24, boulevard de l\u2019Universit\u00e9 44600 Saint NazaireT\u00e9l\u00e9phone : 06 87 21 64 20Responsable de la publication : Marie Laure PercotLa conception \u00e9ditoriale et le suivi du site sont r\u00e9alis\u00e9s par Claire Tossan \u2013 Claire&hellip; Lire la suite","og_url":"http:\/\/www.marielaurepercot.fr\/index.php\/mentions-legales\/","og_site_name":"Marie Laure Percot","article_modified_time":"2022-09-12T12:37:16+00:00","og_image":[{"width":350,"height":175,"url":"http:\/\/www.marielaurepercot.fr\/wp-content\/uploads\/2017\/01\/Logo.jpg","type":"image\/jpeg"}],"twitter_card":"summary_large_image","twitter_misc":{"Dur\u00e9e de lecture estim\u00e9e":"5 minutes"},"schema":{"@context":"https:\/\/schema.org","@graph":[{"@type":"WebPage","@id":"http:\/\/www.marielaurepercot.fr\/index.php\/mentions-legales\/","url":"http:\/\/www.marielaurepercot.fr\/index.php\/mentions-legales\/","name":"Mentions l\u00e9gales & Politique de Confidentialit\u00e9 - Marie Laure Percot","isPartOf":{"@id":"http:\/\/www.marielaurepercot.fr\/#website"},"datePublished":"2017-01-11T17:06:40+00:00","dateModified":"2022-09-12T12:37:16+00:00","breadcrumb":{"@id":"http:\/\/www.marielaurepercot.fr\/index.php\/mentions-legales\/#breadcrumb"},"inLanguage":"fr-FR","potentialAction":[{"@type":"ReadAction","target":["http:\/\/www.marielaurepercot.fr\/index.php\/mentions-legales\/"]}]},{"@type":"BreadcrumbList","@id":"http:\/\/www.marielaurepercot.fr\/index.php\/mentions-legales\/#breadcrumb","itemListElement":[{"@type":"ListItem","position":1,"name":"Accueil","item":"http:\/\/www.marielaurepercot.fr\/"},{"@type":"ListItem","position":2,"name":"Mentions l\u00e9gales &#038; Politique de Confidentialit\u00e9"}]},{"@type":"WebSite","@id":"http:\/\/www.marielaurepercot.fr\/#website","url":"http:\/\/www.marielaurepercot.fr\/","name":"Marie Laure Percot","description":"somatotherapeute","publisher":{"@id":"http:\/\/www.marielaurepercot.fr\/#organization"},"potentialAction":[{"@type":"SearchAction","target":{"@type":"EntryPoint","urlTemplate":"http:\/\/www.marielaurepercot.fr\/?s={search_term_string}"},"query-input":{"@type":"PropertyValueSpecification","valueRequired":true,"valueName":"search_term_string"}}],"inLanguage":"fr-FR"},{"@type":"Organization","@id":"http:\/\/www.marielaurepercot.fr\/#organization","name":"Marie Laure Percot","url":"http:\/\/www.marielaurepercot.fr\/","logo":{"@type":"ImageObject","inLanguage":"fr-FR","@id":"http:\/\/www.marielaurepercot.fr\/#\/schema\/logo\/image\/","url":"http:\/\/www.marielaurepercot.fr\/wp-content\/uploads\/2025\/07\/LogoBD.png","contentUrl":"http:\/\/www.marielaurepercot.fr\/wp-content\/uploads\/2025\/07\/LogoBD.png","width":340,"height":148,"caption":"Marie Laure Percot"},"image":{"@id":"http:\/\/www.marielaurepercot.fr\/#\/schema\/logo\/image\/"}}]}},"_links":{"self":[{"href":"http:\/\/www.marielaurepercot.fr\/index.php\/wp-json\/wp\/v2\/pages\/29","targetHints":{"allow":["GET"]}}],"collection":[{"href":"http:\/\/www.marielaurepercot.fr\/index.php\/wp-json\/wp\/v2\/pages"}],"about":[{"href":"http:\/\/www.marielaurepercot.fr\/index.php\/wp-json\/wp\/v2\/types\/page"}],"author":[{"embeddable":true,"href":"http:\/\/www.marielaurepercot.fr\/index.php\/wp-json\/wp\/v2\/users\/1"}],"replies":[{"embeddable":true,"href":"http:\/\/www.marielaurepercot.fr\/index.php\/wp-json\/wp\/v2\/comments?post=29"}],"version-history":[{"count":9,"href":"http:\/\/www.marielaurepercot.fr\/index.php\/wp-json\/wp\/v2\/pages\/29\/revisions"}],"predecessor-version":[{"id":1834,"href":"http:\/\/www.marielaurepercot.fr\/index.php\/wp-json\/wp\/v2\/pages\/29\/revisions\/1834"}],"wp:attachment":[{"href":"http:\/\/www.marielaurepercot.fr\/index.php\/wp-json\/wp\/v2\/media?parent=29"}],"curies":[{"name":"wp","href":"https:\/\/api.w.org\/{rel}","templated":true}]}}