{"id":505,"date":"2019-10-27T17:06:15","date_gmt":"2019-10-27T16:06:15","guid":{"rendered":"http:\/\/www.marielaurepercot.fr\/?page_id=505"},"modified":"2025-11-23T19:41:48","modified_gmt":"2025-11-23T18:41:48","slug":"la-meditation-dansee","status":"publish","type":"page","link":"http:\/\/www.marielaurepercot.fr\/index.php\/la-meditation-dansee\/","title":{"rendered":"La M\u00e9ditation"},"content":{"rendered":"\n<div class=\"wp-block-columns is-layout-flex wp-container-core-columns-is-layout-9d6595d7 wp-block-columns-is-layout-flex\">\n<div class=\"wp-block-column is-layout-flow wp-block-column-is-layout-flow\" style=\"flex-basis:66.66%\">\n<p><strong>M\u00e9diter en toute simplicit\u00e9 <\/strong>et vous partager l\u2019intention de la rendre joyeuse et accessible. Comme un espace \u00e0 vous offrir pour observer en vous. Partir de l\u00e0 o\u00f9 vous \u00eates, accepter ce qui est pour mieux le reconna\u00eetre et le transformer. Elle rejoint ainsi pleinement ma pratique de la somatoth\u00e9rapie qui accueille et valide l\u2019\u00e9tat dans lequel vous arrivez \u00e0 une s\u00e9ance pour vous aider \u00e0 traverser vos \u00e9motions, soulager vos douleurs et am\u00e9liorer votre \u00e9tat.<\/p>\n\n\n\n<p>La m\u00e9ditation relaxe, d\u00e9tend vos tensions physiques, apaise votre esprit et nourrit la dimension spirituelle de notre \u00eatre. Bas\u00e9e sur notre souffle et vieille comme le monde, elle est reconnue et pr\u00e9sente aujourd\u2019hui dans la quasi-totalit\u00e9 des cultures et des soci\u00e9t\u00e9s.<\/p>\n\n\n\n<p>La m\u00e9ditation n&#8217;emp\u00eache pas les pens\u00e9es ou \u00e9motions mais peut aider \u00e0 s&rsquo;en d\u00e9tacher ou les prendre comme certitudes. Des d\u00e9montrent qu&rsquo;elles pourraient limiter ou compenser nos fragilit\u00e9s h\u00e9r\u00e9ditaires ou encore mieux stimulatrice d&rsquo;un enzyme qui freinerait le vieillissement cellulaire et de ce fait am\u00e9liorerait la long\u00e9vit\u00e9. Alors n&rsquo;h\u00e9sitons pas et essayons!<\/p>\n<\/div>\n\n\n\n<div class=\"wp-block-column is-layout-flow wp-block-column-is-layout-flow\" style=\"flex-basis:33.33%\">\n<figure class=\"wp-block-image size-full\"><img loading=\"lazy\" decoding=\"async\" width=\"640\" height=\"426\" src=\"http:\/\/www.marielaurepercot.fr\/wp-content\/uploads\/2021\/11\/tibetan-g38ba23777_640.jpg\" alt=\"m\u00e9diter m\u00e9ditation somatoth\u00e9rapie mari laure percot m\u00e9ditation dans\u00e9e pauses m\u00e9ditatives Mon corps \u00e9moi journ\u00e9es \u00e0 th\u00e8me\" class=\"wp-image-1368\" srcset=\"http:\/\/www.marielaurepercot.fr\/wp-content\/uploads\/2021\/11\/tibetan-g38ba23777_640.jpg 640w, http:\/\/www.marielaurepercot.fr\/wp-content\/uploads\/2021\/11\/tibetan-g38ba23777_640-300x200.jpg 300w, http:\/\/www.marielaurepercot.fr\/wp-content\/uploads\/2021\/11\/tibetan-g38ba23777_640-600x399.jpg 600w\" sizes=\"auto, (max-width: 640px) 100vw, 640px\" \/><\/figure>\n<\/div>\n<\/div>\n\n\n\n<div style=\"height:20px\" aria-hidden=\"true\" class=\"wp-block-spacer\"><\/div>\n\n\n\n<div class=\"wp-block-columns is-not-stacked-on-mobile is-layout-flex wp-container-core-columns-is-layout-9d6595d7 wp-block-columns-is-layout-flex\">\n<div class=\"wp-block-column is-layout-flow wp-block-column-is-layout-flow\" style=\"flex-basis:40%\">\n<h3 class=\"wp-block-heading\"><strong>Pause m\u00e9ditative<\/strong>,<em> un rituel cr\u00e9atif<\/em><\/h3>\n\n\n\n<p>&nbsp;A votre demande ou \u00e0 mon initiative, en individuel ou en petit groupe pour exp\u00e9rimenter, se laisser guider, poser vos intentions et installer peu \u00e0 peu et \u00e0 votre rythme la <strong>m\u00e9ditation dans votre vie.<\/strong><\/p>\n\n\n\n<p class=\"has-vivid-red-color has-text-color\">A partir d&rsquo;octobre 2025<\/p>\n\n\n\n<h3 class=\"wp-block-heading\">La Danse m\u00e9ditative<strong>,<\/strong><\/h3>\n\n\n\n<p>Persuad\u00e9e que le corps est un tr\u00e8s bon indicateur de l\u2019\u00e9tat de notre esprit, il est int\u00e9ressant de le reconna\u00eetre \u00e0 travers un mouvement dans\u00e9 librement. Je vous invite \u00e0 une balade guid\u00e9e, des propositions de mouvements simples pour peu \u00e0 peu oser les v\u00f4tres, aspirer au ralenti, sentir votre mouvement et musique int\u00e9rieurs.<\/p>\n\n\n\n<p class=\"has-vivid-red-color has-text-color\"><\/p>\n<\/div>\n\n\n\n<div class=\"wp-block-column is-vertically-aligned-center is-layout-flow wp-block-column-is-layout-flow\" style=\"flex-basis:27%\"><div class=\"wp-block-image\">\n<figure class=\"aligncenter size-full is-resized\"><img loading=\"lazy\" decoding=\"async\" width=\"667\" height=\"1000\" src=\"http:\/\/www.marielaurepercot.fr\/wp-content\/uploads\/2022\/05\/22-05-MarieLaure04.jpg\" alt=\"\" class=\"wp-image-1760\" style=\"width:334px;height:500px\" srcset=\"http:\/\/www.marielaurepercot.fr\/wp-content\/uploads\/2022\/05\/22-05-MarieLaure04.jpg 667w, http:\/\/www.marielaurepercot.fr\/wp-content\/uploads\/2022\/05\/22-05-MarieLaure04-200x300.jpg 200w, http:\/\/www.marielaurepercot.fr\/wp-content\/uploads\/2022\/05\/22-05-MarieLaure04-600x900.jpg 600w\" sizes=\"auto, (max-width: 667px) 100vw, 667px\" \/><\/figure><\/div><\/div>\n\n\n\n<div class=\"wp-block-column is-layout-flow wp-block-column-is-layout-flow\" style=\"flex-basis:33%\">\n<h3 class=\"wp-block-heading\">Atelier cr\u00e9atif et m\u00e9ditatif : <\/h3>\n\n\n\n<p>Un atelier dans le cadre apaisant  autour de la conscience de notre corps : un v\u00e9hicule pr\u00e9cieux \u00e0 prendre soin. Contact avec la nature, apprentissage des sons tib\u00e9tains auto-massage du ventre, mise en mouvement du corps, r\u00e9alisation manuelle, m\u00e9ditation guid\u00e9e.<\/p>\n\n\n\n<p>Le groupe s&rsquo;enrichira et se nourrira de chacun(e) d&rsquo;entre nous. Vous repartirez avec des cl\u00e9s de mieux-\u00eatre, la joie d&rsquo;une danse en vous.<\/p>\n\n\n\n<p><em> <\/em><strong><em>Veill\u00e9e d&rsquo;amour <\/em><\/strong>pour c\u00e9l\u00e9brer le solstice d&rsquo;hiver le vendredi 19 d\u00e9cembre 2025 \u00e0 partir de 17h jusqu&rsquo;\u00e0 20h au Loft 7 rue de l&rsquo;Etoile du Matin \u00e0 St Nazaire<\/p>\n<\/div>\n<\/div>\n\n\n\n<div class=\"wp-block-buttons is-content-justification-center is-layout-flex wp-container-core-buttons-is-layout-16018d1d wp-block-buttons-is-layout-flex\">\n<div class=\"wp-block-button\"><a class=\"wp-block-button__link has-white-color has-text-color has-background wp-element-button\" href=\"http:\/\/www.marielaurepercot.fr\/index.php\/contact\/\" style=\"border-radius:5px;background-color:#f8991d\"><strong>Me contacter<\/strong><\/a><\/div>\n<\/div>\n","protected":false},"excerpt":{"rendered":"<p>M\u00e9diter en toute simplicit\u00e9 et vous partager l\u2019intention de la rendre joyeuse et accessible. Comme un espace \u00e0 vous offrir pour observer en vous. Partir de l\u00e0 o\u00f9 vous \u00eates, accepter ce qui est pour mieux le reconna\u00eetre et le transformer. Elle rejoint ainsi pleinement ma pratique de la somatoth\u00e9rapie qui accueille et valide l\u2019\u00e9tat&hellip; <br \/> <a class=\"button small blue\" href=\"http:\/\/www.marielaurepercot.fr\/index.php\/la-meditation-dansee\/\">Lire la suite<\/a><\/p>\n","protected":false},"author":1,"featured_media":0,"parent":0,"menu_order":0,"comment_status":"closed","ping_status":"closed","template":"","meta":{"_exactmetrics_skip_tracking":false,"_exactmetrics_sitenote_active":false,"_exactmetrics_sitenote_note":"","_exactmetrics_sitenote_category":0,"_themeisle_gutenberg_block_has_review":false,"footnotes":""},"class_list":["post-505","page","type-page","status-publish","hentry"],"yoast_head":"<!-- This site is optimized with the Yoast SEO plugin v26.4 - https:\/\/yoast.com\/wordpress\/plugins\/seo\/ -->\n<title>La M\u00e9ditation - Marie Laure Percot<\/title>\n<meta name=\"description\" content=\"Marie Laure vous propose des ateliers de m\u00e9ditation dans\u00e9e \u2026 Aborder la m\u00e9ditation dans la reconnaissance d\u2019un mouvement dans\u00e9 en nous.\" \/>\n<meta name=\"robots\" content=\"index, follow, max-snippet:-1, max-image-preview:large, max-video-preview:-1\" \/>\n<link rel=\"canonical\" href=\"https:\/\/www.marielaurepercot.fr\/index.php\/la-meditation-dansee\/\" \/>\n<meta property=\"og:locale\" content=\"fr_FR\" \/>\n<meta property=\"og:type\" content=\"article\" \/>\n<meta property=\"og:title\" content=\"La M\u00e9ditation - Marie Laure Percot\" \/>\n<meta property=\"og:description\" content=\"Marie Laure vous propose des ateliers de m\u00e9ditation dans\u00e9e \u2026 Aborder la m\u00e9ditation dans la reconnaissance d\u2019un mouvement dans\u00e9 en nous.\" \/>\n<meta property=\"og:url\" content=\"https:\/\/www.marielaurepercot.fr\/index.php\/la-meditation-dansee\/\" \/>\n<meta property=\"og:site_name\" content=\"Marie Laure Percot\" \/>\n<meta property=\"article:modified_time\" content=\"2025-11-23T18:41:48+00:00\" \/>\n<meta property=\"og:image\" content=\"http:\/\/www.marielaurepercot.fr\/wp-content\/uploads\/2021\/11\/tibetan-g38ba23777_640.jpg\" \/>\n<meta name=\"twitter:card\" content=\"summary_large_image\" \/>\n<meta name=\"twitter:label1\" content=\"Dur\u00e9e de lecture estim\u00e9e\" \/>\n\t<meta name=\"twitter:data1\" content=\"3 minutes\" \/>\n<script type=\"application\/ld+json\" class=\"yoast-schema-graph\">{\"@context\":\"https:\/\/schema.org\",\"@graph\":[{\"@type\":\"WebPage\",\"@id\":\"https:\/\/www.marielaurepercot.fr\/index.php\/la-meditation-dansee\/\",\"url\":\"https:\/\/www.marielaurepercot.fr\/index.php\/la-meditation-dansee\/\",\"name\":\"La M\u00e9ditation - Marie Laure Percot\",\"isPartOf\":{\"@id\":\"http:\/\/www.marielaurepercot.fr\/#website\"},\"primaryImageOfPage\":{\"@id\":\"https:\/\/www.marielaurepercot.fr\/index.php\/la-meditation-dansee\/#primaryimage\"},\"image\":{\"@id\":\"https:\/\/www.marielaurepercot.fr\/index.php\/la-meditation-dansee\/#primaryimage\"},\"thumbnailUrl\":\"http:\/\/www.marielaurepercot.fr\/wp-content\/uploads\/2021\/11\/tibetan-g38ba23777_640.jpg\",\"datePublished\":\"2019-10-27T16:06:15+00:00\",\"dateModified\":\"2025-11-23T18:41:48+00:00\",\"description\":\"Marie Laure vous propose des ateliers de m\u00e9ditation dans\u00e9e \u2026 Aborder la m\u00e9ditation dans la reconnaissance d\u2019un mouvement dans\u00e9 en nous.\",\"breadcrumb\":{\"@id\":\"https:\/\/www.marielaurepercot.fr\/index.php\/la-meditation-dansee\/#breadcrumb\"},\"inLanguage\":\"fr-FR\",\"potentialAction\":[{\"@type\":\"ReadAction\",\"target\":[\"https:\/\/www.marielaurepercot.fr\/index.php\/la-meditation-dansee\/\"]}]},{\"@type\":\"ImageObject\",\"inLanguage\":\"fr-FR\",\"@id\":\"https:\/\/www.marielaurepercot.fr\/index.php\/la-meditation-dansee\/#primaryimage\",\"url\":\"http:\/\/www.marielaurepercot.fr\/wp-content\/uploads\/2021\/11\/tibetan-g38ba23777_640.jpg\",\"contentUrl\":\"http:\/\/www.marielaurepercot.fr\/wp-content\/uploads\/2021\/11\/tibetan-g38ba23777_640.jpg\",\"width\":640,\"height\":426},{\"@type\":\"BreadcrumbList\",\"@id\":\"https:\/\/www.marielaurepercot.fr\/index.php\/la-meditation-dansee\/#breadcrumb\",\"itemListElement\":[{\"@type\":\"ListItem\",\"position\":1,\"name\":\"Accueil\",\"item\":\"http:\/\/www.marielaurepercot.fr\/\"},{\"@type\":\"ListItem\",\"position\":2,\"name\":\"La M\u00e9ditation\"}]},{\"@type\":\"WebSite\",\"@id\":\"http:\/\/www.marielaurepercot.fr\/#website\",\"url\":\"http:\/\/www.marielaurepercot.fr\/\",\"name\":\"Marie Laure Percot\",\"description\":\"somatotherapeute\",\"publisher\":{\"@id\":\"http:\/\/www.marielaurepercot.fr\/#organization\"},\"potentialAction\":[{\"@type\":\"SearchAction\",\"target\":{\"@type\":\"EntryPoint\",\"urlTemplate\":\"http:\/\/www.marielaurepercot.fr\/?s={search_term_string}\"},\"query-input\":{\"@type\":\"PropertyValueSpecification\",\"valueRequired\":true,\"valueName\":\"search_term_string\"}}],\"inLanguage\":\"fr-FR\"},{\"@type\":\"Organization\",\"@id\":\"http:\/\/www.marielaurepercot.fr\/#organization\",\"name\":\"Marie Laure Percot\",\"url\":\"http:\/\/www.marielaurepercot.fr\/\",\"logo\":{\"@type\":\"ImageObject\",\"inLanguage\":\"fr-FR\",\"@id\":\"http:\/\/www.marielaurepercot.fr\/#\/schema\/logo\/image\/\",\"url\":\"http:\/\/www.marielaurepercot.fr\/wp-content\/uploads\/2025\/07\/LogoBD.png\",\"contentUrl\":\"http:\/\/www.marielaurepercot.fr\/wp-content\/uploads\/2025\/07\/LogoBD.png\",\"width\":340,\"height\":148,\"caption\":\"Marie Laure Percot\"},\"image\":{\"@id\":\"http:\/\/www.marielaurepercot.fr\/#\/schema\/logo\/image\/\"}}]}<\/script>\n<!-- \/ Yoast SEO plugin. -->","yoast_head_json":{"title":"La M\u00e9ditation - Marie Laure Percot","description":"Marie Laure vous propose des ateliers de m\u00e9ditation dans\u00e9e \u2026 Aborder la m\u00e9ditation dans la reconnaissance d\u2019un mouvement dans\u00e9 en nous.","robots":{"index":"index","follow":"follow","max-snippet":"max-snippet:-1","max-image-preview":"max-image-preview:large","max-video-preview":"max-video-preview:-1"},"canonical":"https:\/\/www.marielaurepercot.fr\/index.php\/la-meditation-dansee\/","og_locale":"fr_FR","og_type":"article","og_title":"La M\u00e9ditation - Marie Laure Percot","og_description":"Marie Laure vous propose des ateliers de m\u00e9ditation dans\u00e9e \u2026 Aborder la m\u00e9ditation dans la reconnaissance d\u2019un mouvement dans\u00e9 en nous.","og_url":"https:\/\/www.marielaurepercot.fr\/index.php\/la-meditation-dansee\/","og_site_name":"Marie Laure Percot","article_modified_time":"2025-11-23T18:41:48+00:00","og_image":[{"url":"http:\/\/www.marielaurepercot.fr\/wp-content\/uploads\/2021\/11\/tibetan-g38ba23777_640.jpg","type":"","width":"","height":""}],"twitter_card":"summary_large_image","twitter_misc":{"Dur\u00e9e de lecture estim\u00e9e":"3 minutes"},"schema":{"@context":"https:\/\/schema.org","@graph":[{"@type":"WebPage","@id":"https:\/\/www.marielaurepercot.fr\/index.php\/la-meditation-dansee\/","url":"https:\/\/www.marielaurepercot.fr\/index.php\/la-meditation-dansee\/","name":"La M\u00e9ditation - Marie Laure Percot","isPartOf":{"@id":"http:\/\/www.marielaurepercot.fr\/#website"},"primaryImageOfPage":{"@id":"https:\/\/www.marielaurepercot.fr\/index.php\/la-meditation-dansee\/#primaryimage"},"image":{"@id":"https:\/\/www.marielaurepercot.fr\/index.php\/la-meditation-dansee\/#primaryimage"},"thumbnailUrl":"http:\/\/www.marielaurepercot.fr\/wp-content\/uploads\/2021\/11\/tibetan-g38ba23777_640.jpg","datePublished":"2019-10-27T16:06:15+00:00","dateModified":"2025-11-23T18:41:48+00:00","description":"Marie Laure vous propose des ateliers de m\u00e9ditation dans\u00e9e \u2026 Aborder la m\u00e9ditation dans la reconnaissance d\u2019un mouvement dans\u00e9 en nous.","breadcrumb":{"@id":"https:\/\/www.marielaurepercot.fr\/index.php\/la-meditation-dansee\/#breadcrumb"},"inLanguage":"fr-FR","potentialAction":[{"@type":"ReadAction","target":["https:\/\/www.marielaurepercot.fr\/index.php\/la-meditation-dansee\/"]}]},{"@type":"ImageObject","inLanguage":"fr-FR","@id":"https:\/\/www.marielaurepercot.fr\/index.php\/la-meditation-dansee\/#primaryimage","url":"http:\/\/www.marielaurepercot.fr\/wp-content\/uploads\/2021\/11\/tibetan-g38ba23777_640.jpg","contentUrl":"http:\/\/www.marielaurepercot.fr\/wp-content\/uploads\/2021\/11\/tibetan-g38ba23777_640.jpg","width":640,"height":426},{"@type":"BreadcrumbList","@id":"https:\/\/www.marielaurepercot.fr\/index.php\/la-meditation-dansee\/#breadcrumb","itemListElement":[{"@type":"ListItem","position":1,"name":"Accueil","item":"http:\/\/www.marielaurepercot.fr\/"},{"@type":"ListItem","position":2,"name":"La M\u00e9ditation"}]},{"@type":"WebSite","@id":"http:\/\/www.marielaurepercot.fr\/#website","url":"http:\/\/www.marielaurepercot.fr\/","name":"Marie Laure Percot","description":"somatotherapeute","publisher":{"@id":"http:\/\/www.marielaurepercot.fr\/#organization"},"potentialAction":[{"@type":"SearchAction","target":{"@type":"EntryPoint","urlTemplate":"http:\/\/www.marielaurepercot.fr\/?s={search_term_string}"},"query-input":{"@type":"PropertyValueSpecification","valueRequired":true,"valueName":"search_term_string"}}],"inLanguage":"fr-FR"},{"@type":"Organization","@id":"http:\/\/www.marielaurepercot.fr\/#organization","name":"Marie Laure Percot","url":"http:\/\/www.marielaurepercot.fr\/","logo":{"@type":"ImageObject","inLanguage":"fr-FR","@id":"http:\/\/www.marielaurepercot.fr\/#\/schema\/logo\/image\/","url":"http:\/\/www.marielaurepercot.fr\/wp-content\/uploads\/2025\/07\/LogoBD.png","contentUrl":"http:\/\/www.marielaurepercot.fr\/wp-content\/uploads\/2025\/07\/LogoBD.png","width":340,"height":148,"caption":"Marie Laure Percot"},"image":{"@id":"http:\/\/www.marielaurepercot.fr\/#\/schema\/logo\/image\/"}}]}},"_links":{"self":[{"href":"http:\/\/www.marielaurepercot.fr\/index.php\/wp-json\/wp\/v2\/pages\/505","targetHints":{"allow":["GET"]}}],"collection":[{"href":"http:\/\/www.marielaurepercot.fr\/index.php\/wp-json\/wp\/v2\/pages"}],"about":[{"href":"http:\/\/www.marielaurepercot.fr\/index.php\/wp-json\/wp\/v2\/types\/page"}],"author":[{"embeddable":true,"href":"http:\/\/www.marielaurepercot.fr\/index.php\/wp-json\/wp\/v2\/users\/1"}],"replies":[{"embeddable":true,"href":"http:\/\/www.marielaurepercot.fr\/index.php\/wp-json\/wp\/v2\/comments?post=505"}],"version-history":[{"count":95,"href":"http:\/\/www.marielaurepercot.fr\/index.php\/wp-json\/wp\/v2\/pages\/505\/revisions"}],"predecessor-version":[{"id":2863,"href":"http:\/\/www.marielaurepercot.fr\/index.php\/wp-json\/wp\/v2\/pages\/505\/revisions\/2863"}],"wp:attachment":[{"href":"http:\/\/www.marielaurepercot.fr\/index.php\/wp-json\/wp\/v2\/media?parent=505"}],"curies":[{"name":"wp","href":"https:\/\/api.w.org\/{rel}","templated":true}]}}