{"id":1281,"date":"2021-09-24T16:58:54","date_gmt":"2021-09-24T14:58:54","guid":{"rendered":"http:\/\/www.marielaurepercot.fr\/?page_id=1281"},"modified":"2025-07-31T12:52:31","modified_gmt":"2025-07-31T10:52:31","slug":"prendre-rendez-vous","status":"publish","type":"page","link":"https:\/\/www.marielaurepercot.fr\/index.php\/prendre-rendez-vous\/","title":{"rendered":"Prendre Rendez-vous"},"content":{"rendered":"\n<h4 class=\"wp-block-heading has-text-align-center\">Si vous souhaitez venir \u00e0 9h30 ou 18h30, il vous suffit de r\u00e9server le cr\u00e9neau de 9h ou 18h<br>et de me pr\u00e9venir, en pr\u00e9cisant la date,<\/h4>\n\n\n\n<h4 class=\"wp-block-heading has-text-align-center\">par texto : 06 87 21 64 20<br>ou par mail :<\/h4>\n\n\n\n<div class=\"wp-block-buttons is-content-justification-center is-layout-flex wp-container-core-buttons-is-layout-16018d1d wp-block-buttons-is-layout-flex\">\n<div class=\"wp-block-button\"><a class=\"wp-block-button__link has-white-color has-text-color has-background wp-element-button\" href=\"http:\/\/www.marielaurepercot.fr\/index.php\/contact\/\" style=\"border-radius:5px;background-color:#f8991d\"><strong>Me contacter<\/strong><\/a><\/div>\n<\/div>\n\n\n<!--noptimize-->\n        <script type=\"text\/javascript\">\n         var cp_hourbk_cancel_label = 'Annul\u00e9';\n         var cp_hourbk_quantity_label = 'Quantit\u00e9';\n         var cp_hourbk_cost_label = 'Cost';\n         var cp_hourbk_overlapping_label = 'Selected time is no longer available. Please select a different time.';         \n\t\t var cp_hourbk_nomore_label = 'No more slots available.';\n         var cp_hourbk_avoid_overlapping = 0;\n         var apphboverbooking_handler0 = false;\n         function cp_appbooking_pform_doValidate_1(form)\n         {\n            try { if (document.cp_appbooking_pform_1.cp_appbooking_pform_status.value == '1') return false; } catch (e) {}\n            $dexQuery = jQuery.noConflict();\n            try { document.cp_appbooking_pform_1.cp_ref_page.value = document.location; } catch (e) {}\n            $dexQuery = jQuery.noConflict();            var result = '';\n            try {\n            if (!apphboverbooking_handler0) {\n            if (document.cp_appbooking_pform_1.hdcaptcha_cp_appbooking_post.value == '') { setTimeout( \"cp_appbooking_cerror_1()\", 100); return false; }\n            var result = $dexQuery.ajax({ type: \"GET\", url: \"https:\/\/www.marielaurepercot.fr\/?ps=_1&cp_appbooking_pform_process=2&cp_appbooking_id=1&inAdmin=1&ps=_1&hdcaptcha_cp_appbooking_post=\"+document.cp_appbooking_pform_1.hdcaptcha_cp_appbooking_post.value, async: false }).responseText;\n            }\n            } catch (e) {result='';console.log('AHB: Captcha not detected.');}\n            if (!apphboverbooking_handler0 && result.indexOf(\"captchafailed\") != -1) {\n                $dexQuery(\"#captchaimg_1\").attr('src', $dexQuery(\"#captchaimg_1\").attr('src')+'&'+Math.floor((Math.random() * 99999) + 1));\n                setTimeout( \"cp_appbooking_cerror_1()\", 100);\n                return false;\n            } else             {\n                var cpefb_error = 0;\n                $dexQuery(\"#cp_appbooking_pform_1\").find(\".cpefb_error\").each(function(index){\n                if ($dexQuery(this).css(\"display\")!=\"none\")\n                    cpefb_error++;\n                });\n                if (cpefb_error==0)\n                {\n                    if (!apphboverbooking_handler0)\n                    {\n                        try { document.cp_appbooking_pform_1.cp_appbooking_pform_status.value = '1';\t } catch (e) {}\n                        apphbblink_1(\".pbSubmit:visible\");\n                        $dexQuery(\"#cp_appbooking_pform_1\").find(\".avoid_overlapping_before\").not(\".ignore,.ignorepb\").removeClass(\"avoid_overlapping_before\").removeClass(\"valid\").addClass(\"avoid_overlapping\");\n                        cp_hourbk_avoid_overlapping = 1;\n                        try {\n                            $dexQuery(\"#cp_appbooking_pform_1\").find(\".avoid_overlapping\").valid();\n                        } catch (e) { cp_hourbk_avoid_overlapping = 0; }\n                        function check_cp_hourbk_avoid_overlapping(){\n\t\t                    if (cp_hourbk_avoid_overlapping>0)\n\t\t                        setTimeout(check_cp_hourbk_avoid_overlapping,100);\n\t\t                    else\n\t\t                    {\n                                var cpefb_error = 0;\n                                $dexQuery(\"#cp_appbooking_pform_1\").find(\".cpefb_error\").each(function(index){\n                                    if ($dexQuery(this).css(\"display\")!=\"none\")\n                                        cpefb_error++;\n                                    });\n                                try { document.cp_appbooking_pform_1.cp_appbooking_pform_status.value = '0';\t } catch (e) {}\n                                if (cpefb_error==0)\n                                {\n                                    apphboverbooking_handler0 = true;\n                                    if (cp_appbooking_pform_doValidate_1(form))\n                                    {\n                                        $dexQuery( \".pbSubmit\" ).unbind();\n                                        if ($dexQuery( \".pbSubmit\" ).hasClass(\"nofirst\"))\n                                            return false;\n                                        $dexQuery( \".pbSubmit\" ).addClass(\"nofirst\");\n                                        document.getElementById(\"cp_appbooking_pform_1\").submit();\n                                    }\n                                }\n\t\t                    }\n\t\t                }\n\t\t                check_cp_hourbk_avoid_overlapping();\n                        return false;\n                    }\n                    \t        \t\t$dexQuery(\"#cp_appbooking_pform_1\").find( '.ignore' ).closest( '.fields' ).remove();\n\t        \t}\n\t        \tdocument.getElementById(\"form_structure_1\").value = '';\n\t        \tdocument.getElementById(\"refpage_1\").value = document.location;\n                try {\n                    if (cpefb_error==0)\n                    {\n                        document.cp_appbooking_pform_1.cp_appbooking_pform_status.value = '1';\n                        apphbblink_1(\".pbSubmit\");\n                    }\n                } catch (e) {}\n                return true;\n            }\n         }\n         function apphbblink_1(selector){\n             try {\n                 $dexQuery = jQuery.noConflict();\n                 $dexQuery(selector).fadeOut(1000, function(){\n                     $dexQuery(this).fadeIn(1000, function(){\n                             try {\n                                 if (document.cp_appbooking_pform_1.cp_appbooking_pform_status.value != '0')\n                                     apphbblink_1(this);\n                             } catch (e) { console.log(e)}\n                     });\n                 });\n             } catch (e) {}\n         }\n         function cp_appbooking_cerror_1(){$dexQuery = jQuery.noConflict();$dexQuery(\"#hdcaptcha_error_1\").css('top',$dexQuery(\"#hdcaptcha_cp_appbooking_post_1\").outerHeight());$dexQuery(\"#hdcaptcha_error_1\").css(\"display\",\"inline\");}\n        <\/script><!--\/noptimize-->\n        <link rel='stylesheet' media=\"all\" href=\"https:\/\/www.marielaurepercot.fr\/wp-content\/plugins\/appointment-hour-booking\/templates\/08\/style.css\" type=\"text\/css\" \/><form class=\"cpp_form no-prefetch\" name=\"cp_appbooking_pform_1\" id=\"cp_appbooking_pform_1\" action=\"\" method=\"post\" enctype=\"multipart\/form-data\" onsubmit=\"return cp_appbooking_pform_doValidate_1(this);\"><input type=\"hidden\" name=\"cp_pform_psequence\" value=\"_1\" \/><input type=\"hidden\" name=\"cp_appbooking_pform_process\" value=\"1\" \/><input type=\"hidden\" name=\"cp_appbooking_id\" value=\"1\" \/><input type=\"hidden\" name=\"cp_ref_page\" value=\"\" \/><input type=\"hidden\" name=\"form_structure_1\" id=\"form_structure_1\" size=\"180\" value=\"[[{&quot;form_identifier&quot;:&quot;&quot;,&quot;name&quot;:&quot;fieldname1&quot;,&quot;shortlabel&quot;:&quot;&quot;,&quot;index&quot;:0,&quot;ftype&quot;:&quot;fapp&quot;,&quot;userhelp&quot;:&quot;&quot;,&quot;userhelpTooltip&quot;:&quot;&quot;,&quot;csslayout&quot;:&quot;&quot;,&quot;title&quot;:&quot;&quot;,&quot;services&quot;:[{&quot;name&quot;:&quot;Somatoth\\u00e9rapie ou Chi Nei Tsang&quot;,&quot;price&quot;:1,&quot;capacity&quot;:1,&quot;duration&quot;:&quot;120&quot;,&quot;pb&quot;:0,&quot;pa&quot;:0,&quot;ohindex&quot;:0,&quot;idx&quot;:1}],&quot;openhours&quot;:[],&quot;allOH&quot;:[{&quot;name&quot;:&quot;Default&quot;,&quot;openhours&quot;:[{&quot;type&quot;:&quot;d3&quot;,&quot;d&quot;:&quot;&quot;,&quot;h1&quot;:&quot;9&quot;,&quot;m1&quot;:&quot;0&quot;,&quot;h2&quot;:&quot;13&quot;,&quot;m2&quot;:&quot;0&quot;},{&quot;type&quot;:&quot;d3&quot;,&quot;d&quot;:&quot;&quot;,&quot;h1&quot;:&quot;14&quot;,&quot;m1&quot;:&quot;0&quot;,&quot;h2&quot;:&quot;20&quot;,&quot;m2&quot;:&quot;0&quot;},{&quot;type&quot;:&quot;d4&quot;,&quot;d&quot;:&quot;&quot;,&quot;h1&quot;:&quot;9&quot;,&quot;m1&quot;:&quot;0&quot;,&quot;h2&quot;:&quot;13&quot;,&quot;m2&quot;:&quot;0&quot;},{&quot;type&quot;:&quot;d4&quot;,&quot;d&quot;:&quot;&quot;,&quot;h1&quot;:&quot;14&quot;,&quot;m1&quot;:&quot;0&quot;,&quot;h2&quot;:&quot;20&quot;,&quot;m2&quot;:&quot;0&quot;}]}],&quot;dateFormat&quot;:&quot;dd\\\/mm\\\/yy&quot;,&quot;showDropdown&quot;:false,&quot;showTotalCost&quot;:false,&quot;showTotalCostFormat&quot;:&quot;$ {0}&quot;,&quot;showEndTime&quot;:false,&quot;showQuantity&quot;:false,&quot;usedSlotsCheckbox&quot;:false,&quot;avoidOverlaping&quot;:true,&quot;emptySelectCheckbox&quot;:false,&quot;emptySelect&quot;:&quot;&quot;,&quot;dropdownRange&quot;:&quot;-10:+10&quot;,&quot;working_dates&quot;:[false,false,false,true,true,false,false],&quot;numberOfMonths&quot;:1,&quot;maxNumberOfApp&quot;:0,&quot;firstDay&quot;:&quot;1&quot;,&quot;minDate&quot;:&quot;0&quot;,&quot;maxDate&quot;:&quot;&quot;,&quot;defaultDate&quot;:&quot;&quot;,&quot;invalidDates&quot;:&quot;01\\\/25\\\/2022&quot;,&quot;tmpinvalidDates&quot;:[{}],&quot;required&quot;:true,&quot;bSlotsCheckbox&quot;:true,&quot;bSlots&quot;:30,&quot;militaryTime&quot;:1,&quot;autonum&quot;:1,&quot;autonumStaff&quot;:0,&quot;fBuild&quot;:{},&quot;special_days&quot;:[],&quot;minDateTmp&quot;:&quot;0&quot;,&quot;getMinDate&quot;:{},&quot;tmpinvalidDatestime&quot;:[1643065200000]},{&quot;form_identifier&quot;:&quot;&quot;,&quot;name&quot;:&quot;fieldname2&quot;,&quot;shortlabel&quot;:&quot;&quot;,&quot;index&quot;:1,&quot;ftype&quot;:&quot;ftext&quot;,&quot;userhelp&quot;:&quot;&quot;,&quot;userhelpTooltip&quot;:&quot;&quot;,&quot;csslayout&quot;:&quot;&quot;,&quot;title&quot;:&quot;Vos nom et pr\\u00e9nom&quot;,&quot;predefined&quot;:&quot;&quot;,&quot;predefinedClick&quot;:false,&quot;required&quot;:true,&quot;size&quot;:&quot;medium&quot;,&quot;minlength&quot;:&quot;&quot;,&quot;maxlength&quot;:&quot;&quot;,&quot;equalTo&quot;:&quot;&quot;,&quot;fBuild&quot;:{}},{&quot;form_identifier&quot;:&quot;&quot;,&quot;name&quot;:&quot;fieldname3&quot;,&quot;shortlabel&quot;:&quot;&quot;,&quot;index&quot;:2,&quot;ftype&quot;:&quot;ftext&quot;,&quot;userhelp&quot;:&quot;&quot;,&quot;userhelpTooltip&quot;:&quot;&quot;,&quot;csslayout&quot;:&quot;&quot;,&quot;title&quot;:&quot;Votre num\\u00e9ro de t\\u00e9l\\u00e9phone&quot;,&quot;predefined&quot;:&quot;&quot;,&quot;predefinedClick&quot;:false,&quot;required&quot;:true,&quot;size&quot;:&quot;medium&quot;,&quot;minlength&quot;:&quot;&quot;,&quot;maxlength&quot;:&quot;&quot;,&quot;equalTo&quot;:&quot;&quot;,&quot;fBuild&quot;:{}},{&quot;form_identifier&quot;:&quot;&quot;,&quot;name&quot;:&quot;email&quot;,&quot;shortlabel&quot;:&quot;&quot;,&quot;index&quot;:3,&quot;ftype&quot;:&quot;femail&quot;,&quot;userhelp&quot;:&quot;&quot;,&quot;userhelpTooltip&quot;:&quot;&quot;,&quot;csslayout&quot;:&quot;&quot;,&quot;title&quot;:&quot;Votre Email&quot;,&quot;predefined&quot;:&quot;&quot;,&quot;predefinedClick&quot;:false,&quot;required&quot;:true,&quot;size&quot;:&quot;medium&quot;,&quot;equalTo&quot;:&quot;&quot;,&quot;fBuild&quot;:{}},{&quot;form_identifier&quot;:&quot;&quot;,&quot;name&quot;:&quot;fieldname4&quot;,&quot;shortlabel&quot;:&quot;&quot;,&quot;index&quot;:4,&quot;ftype&quot;:&quot;facceptance&quot;,&quot;userhelp&quot;:&quot;&quot;,&quot;userhelpTooltip&quot;:&quot;&quot;,&quot;csslayout&quot;:&quot;&quot;,&quot;title&quot;:&quot;J&#039;accepte que Marie Laure Percot utilise mes donn\\u00e9es personnelles pour me contacter. Elles ne seront jamais transmises \\u00e0 des tiers. &quot;,&quot;value&quot;:&quot;J&#039;accepte&quot;,&quot;url&quot;:&quot;http:\\\/\\\/www.marielaurepercot.fr\\\/index.php\\\/mentions-legales\\\/&quot;,&quot;message&quot;:&quot;&quot;,&quot;required&quot;:true,&quot;fBuild&quot;:{}}],[{&quot;title&quot;:&quot;&quot;,&quot;description&quot;:&quot;&quot;,&quot;formlayout&quot;:&quot;top_aligned&quot;,&quot;formtemplate&quot;:&quot;ahb_m2&quot;,&quot;evalequations&quot;:1,&quot;autocomplete&quot;:1,&quot;autofocus&quot;:false}]]\" \/><input type=\"hidden\" name=\"refpage_1\" id=\"refpage_1\" value=\"\"><input type=\"hidden\" name=\"cp_appbooking_pform_status\" value=\"0\" \/><input name=\"anonce\" type=\"hidden\" value=\"2e667409c9\"\/>\r\n<div id=\"fbuilder\">\r\n    <div id=\"fbuilder_1\">\r\n        <div id=\"formheader_1\"><\/div>\r\n        <div id=\"fieldlist_1\"><\/div>\r\n    <\/div>\r\n<\/div>\r\n<div style=\"display:none\">\r\n<div id=\"cpcaptchalayer_1\" class=\"cpcaptchalayer\">\r\n <div class=\"fields\" id=\"field-c0\" style=\"display:none\">\r\n    <label><\/label>\r\n    <div class=\"dfield\"><!--addons-payment-options--><\/div>\r\n    <div class=\"clearer\"><\/div>\r\n <\/div>\r\n  Code de s\u00e9curit\u00e9:<br \/>\r\n  <img decoding=\"async\" src=\"https:\/\/www.marielaurepercot.fr\/?cp_appbooking_captcha=captcha&amp;ps=_1&amp;inAdmin=1&amp;width=180&amp;height=60&amp;letter_count=5&amp;min_size=25&amp;max_size=35&amp;noise=200&amp;noiselength=4&amp;bcolor=ffffff&amp;border=000000&amp;font=font3\"  id=\"captchaimg_1\" alt=\"security code\" border=\"0\" class=\"skip-lazy\" \/>\r\n  <br \/>Veuillez saisir le code de s\u00e9curit\u00e9:<br \/>\r\n  <div class=\"dfield\"><input type=\"text\" size=\"20\" name=\"hdcaptcha_cp_appbooking_post\" id=\"hdcaptcha_cp_appbooking_post_1\" value=\"\" autocomplete=\"off\" \/>\r\n  <div class=\"cpefb_error message\" id=\"hdcaptcha_error_1\" generated=\"true\" style=\"display:none;position: absolute; left: 0px; top: 25px;\">Merci d&#039;entrer un code valide.<\/div>\r\n  <\/div><br \/>\r\n<!-- rcadon -->\r\n<\/div>\r\n<\/div>\r\n<div id=\"cp_subbtn_1\" class=\"cp_subbtn\">R\u00e9serv\u00e9<\/div>\r\n<div style=\"clear:both;\"><\/div>\r\n<\/form>\r\n\n","protected":false},"excerpt":{"rendered":"<p>Si vous souhaitez venir \u00e0 9h30 ou 18h30, il vous suffit de r\u00e9server le cr\u00e9neau de 9h ou 18het de me pr\u00e9venir, en pr\u00e9cisant la date, par texto : 06 87 21 64 20ou par mail :<\/p>\n","protected":false},"author":1,"featured_media":0,"parent":0,"menu_order":0,"comment_status":"closed","ping_status":"closed","template":"","meta":{"_exactmetrics_skip_tracking":false,"_exactmetrics_sitenote_active":false,"_exactmetrics_sitenote_note":"","_exactmetrics_sitenote_category":0,"_themeisle_gutenberg_block_has_review":false,"footnotes":""},"class_list":["post-1281","page","type-page","status-publish","hentry"],"yoast_head":"<!-- This site is optimized with the Yoast SEO plugin v26.4 - https:\/\/yoast.com\/wordpress\/plugins\/seo\/ -->\n<title>Prendre Rendez-vous - Marie Laure Percot<\/title>\n<meta name=\"robots\" content=\"index, follow, max-snippet:-1, max-image-preview:large, max-video-preview:-1\" \/>\n<link rel=\"canonical\" href=\"https:\/\/www.marielaurepercot.fr\/index.php\/prendre-rendez-vous\/\" \/>\n<meta property=\"og:locale\" content=\"fr_FR\" \/>\n<meta property=\"og:type\" content=\"article\" \/>\n<meta property=\"og:title\" content=\"Prendre Rendez-vous - Marie Laure Percot\" \/>\n<meta property=\"og:description\" content=\"Si vous souhaitez venir \u00e0 9h30 ou 18h30, il vous suffit de r\u00e9server le cr\u00e9neau de 9h ou 18het de me pr\u00e9venir, en pr\u00e9cisant la date, par texto : 06 87 21 64 20ou par mail :\" \/>\n<meta property=\"og:url\" content=\"https:\/\/www.marielaurepercot.fr\/index.php\/prendre-rendez-vous\/\" \/>\n<meta property=\"og:site_name\" content=\"Marie Laure Percot\" \/>\n<meta property=\"article:modified_time\" content=\"2025-07-31T10:52:31+00:00\" \/>\n<meta property=\"og:image\" content=\"https:\/\/www.marielaurepercot.fr\/wp-content\/uploads\/2017\/01\/Logo.jpg\" \/>\n\t<meta property=\"og:image:width\" content=\"350\" \/>\n\t<meta property=\"og:image:height\" content=\"175\" \/>\n\t<meta property=\"og:image:type\" content=\"image\/jpeg\" \/>\n<meta name=\"twitter:card\" content=\"summary_large_image\" \/>\n<meta name=\"twitter:label1\" content=\"Dur\u00e9e de lecture estim\u00e9e\" \/>\n\t<meta name=\"twitter:data1\" content=\"1 minute\" \/>\n<script type=\"application\/ld+json\" class=\"yoast-schema-graph\">{\"@context\":\"https:\/\/schema.org\",\"@graph\":[{\"@type\":\"WebPage\",\"@id\":\"https:\/\/www.marielaurepercot.fr\/index.php\/prendre-rendez-vous\/\",\"url\":\"https:\/\/www.marielaurepercot.fr\/index.php\/prendre-rendez-vous\/\",\"name\":\"Prendre Rendez-vous - Marie Laure Percot\",\"isPartOf\":{\"@id\":\"http:\/\/www.marielaurepercot.fr\/#website\"},\"datePublished\":\"2021-09-24T14:58:54+00:00\",\"dateModified\":\"2025-07-31T10:52:31+00:00\",\"breadcrumb\":{\"@id\":\"https:\/\/www.marielaurepercot.fr\/index.php\/prendre-rendez-vous\/#breadcrumb\"},\"inLanguage\":\"fr-FR\",\"potentialAction\":[{\"@type\":\"ReadAction\",\"target\":[\"https:\/\/www.marielaurepercot.fr\/index.php\/prendre-rendez-vous\/\"]}]},{\"@type\":\"BreadcrumbList\",\"@id\":\"https:\/\/www.marielaurepercot.fr\/index.php\/prendre-rendez-vous\/#breadcrumb\",\"itemListElement\":[{\"@type\":\"ListItem\",\"position\":1,\"name\":\"Accueil\",\"item\":\"https:\/\/www.marielaurepercot.fr\/\"},{\"@type\":\"ListItem\",\"position\":2,\"name\":\"Prendre Rendez-vous\"}]},{\"@type\":\"WebSite\",\"@id\":\"http:\/\/www.marielaurepercot.fr\/#website\",\"url\":\"http:\/\/www.marielaurepercot.fr\/\",\"name\":\"Marie Laure Percot\",\"description\":\"somatotherapeute\",\"publisher\":{\"@id\":\"http:\/\/www.marielaurepercot.fr\/#organization\"},\"potentialAction\":[{\"@type\":\"SearchAction\",\"target\":{\"@type\":\"EntryPoint\",\"urlTemplate\":\"http:\/\/www.marielaurepercot.fr\/?s={search_term_string}\"},\"query-input\":{\"@type\":\"PropertyValueSpecification\",\"valueRequired\":true,\"valueName\":\"search_term_string\"}}],\"inLanguage\":\"fr-FR\"},{\"@type\":\"Organization\",\"@id\":\"http:\/\/www.marielaurepercot.fr\/#organization\",\"name\":\"Marie Laure Percot\",\"url\":\"http:\/\/www.marielaurepercot.fr\/\",\"logo\":{\"@type\":\"ImageObject\",\"inLanguage\":\"fr-FR\",\"@id\":\"http:\/\/www.marielaurepercot.fr\/#\/schema\/logo\/image\/\",\"url\":\"https:\/\/www.marielaurepercot.fr\/wp-content\/uploads\/2025\/07\/LogoBD.png\",\"contentUrl\":\"https:\/\/www.marielaurepercot.fr\/wp-content\/uploads\/2025\/07\/LogoBD.png\",\"width\":340,\"height\":148,\"caption\":\"Marie Laure Percot\"},\"image\":{\"@id\":\"http:\/\/www.marielaurepercot.fr\/#\/schema\/logo\/image\/\"}}]}<\/script>\n<!-- \/ Yoast SEO plugin. -->","yoast_head_json":{"title":"Prendre Rendez-vous - Marie Laure Percot","robots":{"index":"index","follow":"follow","max-snippet":"max-snippet:-1","max-image-preview":"max-image-preview:large","max-video-preview":"max-video-preview:-1"},"canonical":"https:\/\/www.marielaurepercot.fr\/index.php\/prendre-rendez-vous\/","og_locale":"fr_FR","og_type":"article","og_title":"Prendre Rendez-vous - Marie Laure Percot","og_description":"Si vous souhaitez venir \u00e0 9h30 ou 18h30, il vous suffit de r\u00e9server le cr\u00e9neau de 9h ou 18het de me pr\u00e9venir, en pr\u00e9cisant la date, par texto : 06 87 21 64 20ou par mail :","og_url":"https:\/\/www.marielaurepercot.fr\/index.php\/prendre-rendez-vous\/","og_site_name":"Marie Laure Percot","article_modified_time":"2025-07-31T10:52:31+00:00","og_image":[{"width":350,"height":175,"url":"https:\/\/www.marielaurepercot.fr\/wp-content\/uploads\/2017\/01\/Logo.jpg","type":"image\/jpeg"}],"twitter_card":"summary_large_image","twitter_misc":{"Dur\u00e9e de lecture estim\u00e9e":"1 minute"},"schema":{"@context":"https:\/\/schema.org","@graph":[{"@type":"WebPage","@id":"https:\/\/www.marielaurepercot.fr\/index.php\/prendre-rendez-vous\/","url":"https:\/\/www.marielaurepercot.fr\/index.php\/prendre-rendez-vous\/","name":"Prendre Rendez-vous - Marie Laure Percot","isPartOf":{"@id":"http:\/\/www.marielaurepercot.fr\/#website"},"datePublished":"2021-09-24T14:58:54+00:00","dateModified":"2025-07-31T10:52:31+00:00","breadcrumb":{"@id":"https:\/\/www.marielaurepercot.fr\/index.php\/prendre-rendez-vous\/#breadcrumb"},"inLanguage":"fr-FR","potentialAction":[{"@type":"ReadAction","target":["https:\/\/www.marielaurepercot.fr\/index.php\/prendre-rendez-vous\/"]}]},{"@type":"BreadcrumbList","@id":"https:\/\/www.marielaurepercot.fr\/index.php\/prendre-rendez-vous\/#breadcrumb","itemListElement":[{"@type":"ListItem","position":1,"name":"Accueil","item":"https:\/\/www.marielaurepercot.fr\/"},{"@type":"ListItem","position":2,"name":"Prendre Rendez-vous"}]},{"@type":"WebSite","@id":"http:\/\/www.marielaurepercot.fr\/#website","url":"http:\/\/www.marielaurepercot.fr\/","name":"Marie Laure Percot","description":"somatotherapeute","publisher":{"@id":"http:\/\/www.marielaurepercot.fr\/#organization"},"potentialAction":[{"@type":"SearchAction","target":{"@type":"EntryPoint","urlTemplate":"http:\/\/www.marielaurepercot.fr\/?s={search_term_string}"},"query-input":{"@type":"PropertyValueSpecification","valueRequired":true,"valueName":"search_term_string"}}],"inLanguage":"fr-FR"},{"@type":"Organization","@id":"http:\/\/www.marielaurepercot.fr\/#organization","name":"Marie Laure Percot","url":"http:\/\/www.marielaurepercot.fr\/","logo":{"@type":"ImageObject","inLanguage":"fr-FR","@id":"http:\/\/www.marielaurepercot.fr\/#\/schema\/logo\/image\/","url":"https:\/\/www.marielaurepercot.fr\/wp-content\/uploads\/2025\/07\/LogoBD.png","contentUrl":"https:\/\/www.marielaurepercot.fr\/wp-content\/uploads\/2025\/07\/LogoBD.png","width":340,"height":148,"caption":"Marie Laure Percot"},"image":{"@id":"http:\/\/www.marielaurepercot.fr\/#\/schema\/logo\/image\/"}}]}},"_links":{"self":[{"href":"https:\/\/www.marielaurepercot.fr\/index.php\/wp-json\/wp\/v2\/pages\/1281","targetHints":{"allow":["GET"]}}],"collection":[{"href":"https:\/\/www.marielaurepercot.fr\/index.php\/wp-json\/wp\/v2\/pages"}],"about":[{"href":"https:\/\/www.marielaurepercot.fr\/index.php\/wp-json\/wp\/v2\/types\/page"}],"author":[{"embeddable":true,"href":"https:\/\/www.marielaurepercot.fr\/index.php\/wp-json\/wp\/v2\/users\/1"}],"replies":[{"embeddable":true,"href":"https:\/\/www.marielaurepercot.fr\/index.php\/wp-json\/wp\/v2\/comments?post=1281"}],"version-history":[{"count":22,"href":"https:\/\/www.marielaurepercot.fr\/index.php\/wp-json\/wp\/v2\/pages\/1281\/revisions"}],"predecessor-version":[{"id":2738,"href":"https:\/\/www.marielaurepercot.fr\/index.php\/wp-json\/wp\/v2\/pages\/1281\/revisions\/2738"}],"wp:attachment":[{"href":"https:\/\/www.marielaurepercot.fr\/index.php\/wp-json\/wp\/v2\/media?parent=1281"}],"curies":[{"name":"wp","href":"https:\/\/api.w.org\/{rel}","templated":true}]}}