{"id":704,"date":"2020-05-29T13:04:21","date_gmt":"2020-05-29T11:04:21","guid":{"rendered":"http:\/\/www.marielaurepercot.fr\/?page_id=704"},"modified":"2025-10-18T03:07:46","modified_gmt":"2025-10-18T01:07:46","slug":"chi-nei-tsang-massage-du-ventre","status":"publish","type":"page","link":"https:\/\/www.marielaurepercot.fr\/index.php\/chi-nei-tsang-massage-du-ventre\/","title":{"rendered":"Chi Nei Tsang &#8211; massage du ventre"},"content":{"rendered":"\n<p>Ce soin, originaire de la vieille Chine Tao\u00efste, est connu aujourd&rsquo;hui gr\u00e2ce \u00e0 Mantak Chia qui se consid\u00e8re surtout comme un enseignant qui pr\u00e9sente le Tao curatif d&rsquo;une fa\u00e7on simple et pratique. Il a \u00e9crit de nombreux livres. J&rsquo;ai la chance de me former aupr\u00e8s de S\u00e9goleine Audrain, th\u00e9rapeute \u00e0 Nantes qui, elle-m\u00eame, s&rsquo;est form\u00e9e aupr\u00e8s de Gilles Marin, \u00e9l\u00e8ve du Ma\u00eetre Mantak Chia.<\/p>\n\n\n\n<p>Le Chi Nei Tsang est un soin holistique qui prend en compte la dimension globale de l&rsquo;\u00eatre : psychique, \u00e9motionnel, corporel et spirituel. Mantak Chia dit que les \u00e9motions sont particuli\u00e8rement log\u00e9es dans les psoas. Ces puissants muscles qu&rsquo;il nomme les portes de l&rsquo;\u00e2me. Les masser lib\u00e8re la charge \u00e9motionnelle au niveau du coeur (p\u00e9ricarde) et du plexus solaire (diaphragme).<em><strong> La puissance de la douceur fait la magie de ce soin. <\/strong><\/em>Le praticien du Chi Nei Tsang prend soin de lui en pratiquant le qi gong.<\/p>\n\n\n\n<div class=\"wp-block-columns is-layout-flex wp-container-core-columns-is-layout-9d6595d7 wp-block-columns-is-layout-flex\">\n<div class=\"wp-block-column is-vertically-aligned-center is-layout-flow wp-block-column-is-layout-flow\" style=\"flex-basis:40%\">\n<figure class=\"wp-block-image size-full\"><img loading=\"lazy\" decoding=\"async\" width=\"1000\" height=\"667\" src=\"http:\/\/www.marielaurepercot.fr\/wp-content\/uploads\/2022\/05\/22-05-Soin18.jpg\" alt=\"\" class=\"wp-image-1749\" srcset=\"https:\/\/www.marielaurepercot.fr\/wp-content\/uploads\/2022\/05\/22-05-Soin18.jpg 1000w, https:\/\/www.marielaurepercot.fr\/wp-content\/uploads\/2022\/05\/22-05-Soin18-300x200.jpg 300w, https:\/\/www.marielaurepercot.fr\/wp-content\/uploads\/2022\/05\/22-05-Soin18-768x512.jpg 768w, https:\/\/www.marielaurepercot.fr\/wp-content\/uploads\/2022\/05\/22-05-Soin18-600x400.jpg 600w\" sizes=\"auto, (max-width: 1000px) 100vw, 1000px\" \/><\/figure>\n<\/div>\n\n\n\n<div class=\"wp-block-column is-layout-flow wp-block-column-is-layout-flow\">\n<p>La sensation de n\u0153uds et d&rsquo;enchev\u00eatrements dans l&rsquo;abdomen souvent bien r\u00e9elle, est la r\u00e9sultante de causes multiples en lien avec des \u00e9motions bloqu\u00e9es. Notre ventre : ce deuxi\u00e8me cerveau, emmagasine des surcharges de stress, de travail, de toxines. Ces obstructions emp\u00eachent la circulation de l&rsquo;\u00e9nergie vitale.<\/p>\n<\/div>\n<\/div>\n\n\n\n<div style=\"height:20px\" aria-hidden=\"true\" class=\"wp-block-spacer\"><\/div>\n\n\n\n<div class=\"wp-block-columns is-layout-flex wp-container-core-columns-is-layout-9d6595d7 wp-block-columns-is-layout-flex\">\n<div class=\"wp-block-column is-layout-flow wp-block-column-is-layout-flow\" style=\"flex-basis:60%\">\n<p>Tout commence en douceur,<strong> autour du nombril<\/strong> : la cicatrice originelle o\u00f9 les fascias du corps sont connect\u00e9s d\u00e8s la vie ut\u00e9rine. Un toucher d\u00e9licat et men\u00e9 par votre respiration proc\u00e8de peu \u00e0 peu \u00e0 une lib\u00e9ration des toxines, des \u00e9motions qui, tout comme les aliments mal dig\u00e9r\u00e9s, se localisent dans les organes : le foie, la v\u00e9sicule biliaire, la rate,le pancr\u00e9as,l&rsquo;estomac, l&rsquo;intestin gr\u00eale, le gros intestin. Je vous invite \u00e0 d\u00e9couvrir le son tib\u00e9tain reli\u00e9 \u00e0 chacun des organes. <\/p>\n\n\n\n<p>Le Chi Nei Tsang<strong> d\u00e9toxique l&rsquo;organisme<\/strong> et<strong> fortifie le syst\u00e8me immunitaire<\/strong>. Il est indiqu\u00e9 en cas de tensions abdominales, br\u00fblures d&rsquo;estomac, fatigue, sommeil agit\u00e9, migraines, douleurs menstruelles, sensations de respiration comprim\u00e9e. Il&nbsp; compl\u00e8te les protocoles allopathiques et optimise la convalescence apr\u00e8s une op\u00e9ration. Il permet un travail en lien avec les cicatrices o\u00f9 qu&rsquo;elles soient pour gu\u00e9rir en profondeur la trace d&rsquo;une op\u00e9ration, d&rsquo;un accouchement reli\u00e9e \u00e0 des \u00e9motions qui ont pu \u00eatre fortes et enfouies. <\/p>\n\n\n\n<p>Le Chi Nei Tsang s&rsquo;offre en cadeau au rythme <a href=\"http:\/\/www.marielaurepercot.fr\/index.php\/2023\/09\/03\/chi-nei-tsang-dautomne\/\">des saisons<\/a> et des \u00e9nergies des m\u00e9ridiens dans l&rsquo;\u00e9quilibre toujours subtil du Yin et du Yang.<em><strong> L&rsquo;\u00e9volution de ce soin, aujourd&rsquo;hui, s&rsquo;affine dans une grande douceur qui favorise l&rsquo;\u00e9coute \u00e0 vos propres sensations.<\/strong><\/em><\/p>\n\n\n\n<p>Dur\u00e9e : 1h15 \u00e0 1h30. Tarif : 65\u20ac ou 60 \u20ac selon vos possibilit\u00e9s <\/p>\n\n\n\n<p>Lieu : Centre de Bien-\u00catre et de Sant\u00e9<br>50 rue Pitre Grenapin \u00e0 Saint-Nazaire<\/p>\n<\/div>\n\n\n\n<div class=\"wp-block-column is-layout-flow wp-block-column-is-layout-flow\">\n<figure class=\"wp-block-image size-full is-resized\"><img loading=\"lazy\" decoding=\"async\" width=\"667\" height=\"1000\" src=\"http:\/\/www.marielaurepercot.fr\/wp-content\/uploads\/2022\/05\/22-05-Soin20.jpg\" alt=\"\" class=\"wp-image-1750\" style=\"width:334px;height:500px\" srcset=\"https:\/\/www.marielaurepercot.fr\/wp-content\/uploads\/2022\/05\/22-05-Soin20.jpg 667w, https:\/\/www.marielaurepercot.fr\/wp-content\/uploads\/2022\/05\/22-05-Soin20-200x300.jpg 200w, https:\/\/www.marielaurepercot.fr\/wp-content\/uploads\/2022\/05\/22-05-Soin20-600x900.jpg 600w\" sizes=\"auto, (max-width: 667px) 100vw, 667px\" \/><\/figure>\n<\/div>\n<\/div>\n\n\n\n<div class=\"wp-block-columns is-layout-flex wp-container-core-columns-is-layout-9d6595d7 wp-block-columns-is-layout-flex\">\n<div class=\"wp-block-column is-layout-flow wp-block-column-is-layout-flow\">\n<div class=\"wp-block-buttons is-content-justification-center is-layout-flex wp-container-core-buttons-is-layout-16018d1d wp-block-buttons-is-layout-flex\">\n<div class=\"wp-block-button\"><a class=\"wp-block-button__link has-text-color has-background\" href=\"http:\/\/www.marielaurepercot.fr\/index.php\/contact\/\" style=\"border-radius:5px;background-color:#f8991d;color:#d2202c\"><strong>Me contacter<\/strong><\/a><\/div>\n<\/div>\n<\/div>\n\n\n\n<div class=\"wp-block-column is-layout-flow wp-block-column-is-layout-flow\">\n<div class=\"wp-block-buttons is-content-justification-center is-layout-flex wp-container-core-buttons-is-layout-16018d1d wp-block-buttons-is-layout-flex\">\n<div class=\"wp-block-button\"><a class=\"wp-block-button__link has-text-color has-background\" href=\"www.marielaurepercot.fr\/index.php\/prendre-rendez-vous\/\" style=\"border-radius:5px;background-color:#f8991d;color:#d2202c\"><strong>Prendre Rendez-vous en ligne<\/strong><\/a><\/div>\n<\/div>\n<\/div>\n<\/div>\n","protected":false},"excerpt":{"rendered":"<p>Ce soin, originaire de la vieille Chine Tao\u00efste, est connu aujourd&rsquo;hui gr\u00e2ce \u00e0 Mantak Chia qui se consid\u00e8re surtout comme un enseignant qui pr\u00e9sente le Tao curatif d&rsquo;une fa\u00e7on simple et pratique. Il a \u00e9crit de nombreux livres. J&rsquo;ai la chance de me former aupr\u00e8s de S\u00e9goleine Audrain, th\u00e9rapeute \u00e0 Nantes qui, elle-m\u00eame, s&rsquo;est form\u00e9e&hellip; <br \/> <a class=\"button small blue\" href=\"https:\/\/www.marielaurepercot.fr\/index.php\/chi-nei-tsang-massage-du-ventre\/\">Lire la suite<\/a><\/p>\n","protected":false},"author":1,"featured_media":0,"parent":0,"menu_order":0,"comment_status":"closed","ping_status":"closed","template":"","meta":{"_exactmetrics_skip_tracking":false,"_exactmetrics_sitenote_active":false,"_exactmetrics_sitenote_note":"","_exactmetrics_sitenote_category":0,"_themeisle_gutenberg_block_has_review":false,"footnotes":""},"class_list":["post-704","page","type-page","status-publish","hentry"],"yoast_head":"<!-- This site is optimized with the Yoast SEO plugin v26.4 - https:\/\/yoast.com\/wordpress\/plugins\/seo\/ -->\n<title>Chi Nei Tsang - massage du ventre - Marie Laure Percot<\/title>\n<meta name=\"description\" content=\"Marie Laure vous propose des soins par le Chi Nei Tsang massage du ventre qui s&#039;appuie sur les 5 syst\u00e8mes majeurs du corps.\" \/>\n<meta name=\"robots\" content=\"index, follow, max-snippet:-1, max-image-preview:large, max-video-preview:-1\" \/>\n<link rel=\"canonical\" href=\"http:\/\/www.marielaurepercot.fr\/index.php\/chi-nei-tsang-massage-du-ventre\/\" \/>\n<meta property=\"og:locale\" content=\"fr_FR\" \/>\n<meta property=\"og:type\" content=\"article\" \/>\n<meta property=\"og:title\" content=\"Chi Nei Tsang - massage du ventre - Marie Laure Percot\" \/>\n<meta property=\"og:description\" content=\"Marie Laure vous propose des soins par le Chi Nei Tsang massage du ventre qui s&#039;appuie sur les 5 syst\u00e8mes majeurs du corps.\" \/>\n<meta property=\"og:url\" content=\"http:\/\/www.marielaurepercot.fr\/index.php\/chi-nei-tsang-massage-du-ventre\/\" \/>\n<meta property=\"og:site_name\" content=\"Marie Laure Percot\" \/>\n<meta property=\"article:modified_time\" content=\"2025-10-18T01:07:46+00:00\" \/>\n<meta property=\"og:image\" content=\"http:\/\/www.marielaurepercot.fr\/wp-content\/uploads\/2022\/05\/22-05-Soin18.jpg\" \/>\n<meta name=\"twitter:card\" content=\"summary_large_image\" \/>\n<meta name=\"twitter:label1\" content=\"Dur\u00e9e de lecture estim\u00e9e\" \/>\n\t<meta name=\"twitter:data1\" content=\"8 minutes\" \/>\n<script type=\"application\/ld+json\" class=\"yoast-schema-graph\">{\"@context\":\"https:\/\/schema.org\",\"@graph\":[{\"@type\":\"WebPage\",\"@id\":\"http:\/\/www.marielaurepercot.fr\/index.php\/chi-nei-tsang-massage-du-ventre\/\",\"url\":\"http:\/\/www.marielaurepercot.fr\/index.php\/chi-nei-tsang-massage-du-ventre\/\",\"name\":\"Chi Nei Tsang - massage du ventre - Marie Laure Percot\",\"isPartOf\":{\"@id\":\"https:\/\/www.marielaurepercot.fr\/#website\"},\"primaryImageOfPage\":{\"@id\":\"http:\/\/www.marielaurepercot.fr\/index.php\/chi-nei-tsang-massage-du-ventre\/#primaryimage\"},\"image\":{\"@id\":\"http:\/\/www.marielaurepercot.fr\/index.php\/chi-nei-tsang-massage-du-ventre\/#primaryimage\"},\"thumbnailUrl\":\"http:\/\/www.marielaurepercot.fr\/wp-content\/uploads\/2022\/05\/22-05-Soin18.jpg\",\"datePublished\":\"2020-05-29T11:04:21+00:00\",\"dateModified\":\"2025-10-18T01:07:46+00:00\",\"description\":\"Marie Laure vous propose des soins par le Chi Nei Tsang massage du ventre qui s'appuie sur les 5 syst\u00e8mes majeurs du corps.\",\"breadcrumb\":{\"@id\":\"http:\/\/www.marielaurepercot.fr\/index.php\/chi-nei-tsang-massage-du-ventre\/#breadcrumb\"},\"inLanguage\":\"fr-FR\",\"potentialAction\":[{\"@type\":\"ReadAction\",\"target\":[\"http:\/\/www.marielaurepercot.fr\/index.php\/chi-nei-tsang-massage-du-ventre\/\"]}]},{\"@type\":\"ImageObject\",\"inLanguage\":\"fr-FR\",\"@id\":\"http:\/\/www.marielaurepercot.fr\/index.php\/chi-nei-tsang-massage-du-ventre\/#primaryimage\",\"url\":\"https:\/\/www.marielaurepercot.fr\/wp-content\/uploads\/2022\/05\/22-05-Soin18.jpg\",\"contentUrl\":\"https:\/\/www.marielaurepercot.fr\/wp-content\/uploads\/2022\/05\/22-05-Soin18.jpg\",\"width\":1000,\"height\":667,\"caption\":\"somatoth\u00e9rapie chi nei tsaang st nazaire marie laure percot deuxi\u00e8me cerveau massoth\u00e9rapeute\"},{\"@type\":\"BreadcrumbList\",\"@id\":\"http:\/\/www.marielaurepercot.fr\/index.php\/chi-nei-tsang-massage-du-ventre\/#breadcrumb\",\"itemListElement\":[{\"@type\":\"ListItem\",\"position\":1,\"name\":\"Accueil\",\"item\":\"http:\/\/www.marielaurepercot.fr\/\"},{\"@type\":\"ListItem\",\"position\":2,\"name\":\"Chi Nei Tsang &#8211; massage du ventre\"}]},{\"@type\":\"WebSite\",\"@id\":\"https:\/\/www.marielaurepercot.fr\/#website\",\"url\":\"https:\/\/www.marielaurepercot.fr\/\",\"name\":\"Marie Laure Percot\",\"description\":\"somatotherapeute\",\"publisher\":{\"@id\":\"https:\/\/www.marielaurepercot.fr\/#organization\"},\"potentialAction\":[{\"@type\":\"SearchAction\",\"target\":{\"@type\":\"EntryPoint\",\"urlTemplate\":\"https:\/\/www.marielaurepercot.fr\/?s={search_term_string}\"},\"query-input\":{\"@type\":\"PropertyValueSpecification\",\"valueRequired\":true,\"valueName\":\"search_term_string\"}}],\"inLanguage\":\"fr-FR\"},{\"@type\":\"Organization\",\"@id\":\"https:\/\/www.marielaurepercot.fr\/#organization\",\"name\":\"Marie Laure Percot\",\"url\":\"https:\/\/www.marielaurepercot.fr\/\",\"logo\":{\"@type\":\"ImageObject\",\"inLanguage\":\"fr-FR\",\"@id\":\"https:\/\/www.marielaurepercot.fr\/#\/schema\/logo\/image\/\",\"url\":\"https:\/\/www.marielaurepercot.fr\/wp-content\/uploads\/2025\/07\/LogoBD.png\",\"contentUrl\":\"https:\/\/www.marielaurepercot.fr\/wp-content\/uploads\/2025\/07\/LogoBD.png\",\"width\":340,\"height\":148,\"caption\":\"Marie Laure Percot\"},\"image\":{\"@id\":\"https:\/\/www.marielaurepercot.fr\/#\/schema\/logo\/image\/\"}}]}<\/script>\n<!-- \/ Yoast SEO plugin. -->","yoast_head_json":{"title":"Chi Nei Tsang - massage du ventre - Marie Laure Percot","description":"Marie Laure vous propose des soins par le Chi Nei Tsang massage du ventre qui s'appuie sur les 5 syst\u00e8mes majeurs du corps.","robots":{"index":"index","follow":"follow","max-snippet":"max-snippet:-1","max-image-preview":"max-image-preview:large","max-video-preview":"max-video-preview:-1"},"canonical":"http:\/\/www.marielaurepercot.fr\/index.php\/chi-nei-tsang-massage-du-ventre\/","og_locale":"fr_FR","og_type":"article","og_title":"Chi Nei Tsang - massage du ventre - Marie Laure Percot","og_description":"Marie Laure vous propose des soins par le Chi Nei Tsang massage du ventre qui s'appuie sur les 5 syst\u00e8mes majeurs du corps.","og_url":"http:\/\/www.marielaurepercot.fr\/index.php\/chi-nei-tsang-massage-du-ventre\/","og_site_name":"Marie Laure Percot","article_modified_time":"2025-10-18T01:07:46+00:00","og_image":[{"url":"http:\/\/www.marielaurepercot.fr\/wp-content\/uploads\/2022\/05\/22-05-Soin18.jpg","type":"","width":"","height":""}],"twitter_card":"summary_large_image","twitter_misc":{"Dur\u00e9e de lecture estim\u00e9e":"8 minutes"},"schema":{"@context":"https:\/\/schema.org","@graph":[{"@type":"WebPage","@id":"http:\/\/www.marielaurepercot.fr\/index.php\/chi-nei-tsang-massage-du-ventre\/","url":"http:\/\/www.marielaurepercot.fr\/index.php\/chi-nei-tsang-massage-du-ventre\/","name":"Chi Nei Tsang - massage du ventre - Marie Laure Percot","isPartOf":{"@id":"https:\/\/www.marielaurepercot.fr\/#website"},"primaryImageOfPage":{"@id":"http:\/\/www.marielaurepercot.fr\/index.php\/chi-nei-tsang-massage-du-ventre\/#primaryimage"},"image":{"@id":"http:\/\/www.marielaurepercot.fr\/index.php\/chi-nei-tsang-massage-du-ventre\/#primaryimage"},"thumbnailUrl":"http:\/\/www.marielaurepercot.fr\/wp-content\/uploads\/2022\/05\/22-05-Soin18.jpg","datePublished":"2020-05-29T11:04:21+00:00","dateModified":"2025-10-18T01:07:46+00:00","description":"Marie Laure vous propose des soins par le Chi Nei Tsang massage du ventre qui s'appuie sur les 5 syst\u00e8mes majeurs du corps.","breadcrumb":{"@id":"http:\/\/www.marielaurepercot.fr\/index.php\/chi-nei-tsang-massage-du-ventre\/#breadcrumb"},"inLanguage":"fr-FR","potentialAction":[{"@type":"ReadAction","target":["http:\/\/www.marielaurepercot.fr\/index.php\/chi-nei-tsang-massage-du-ventre\/"]}]},{"@type":"ImageObject","inLanguage":"fr-FR","@id":"http:\/\/www.marielaurepercot.fr\/index.php\/chi-nei-tsang-massage-du-ventre\/#primaryimage","url":"https:\/\/www.marielaurepercot.fr\/wp-content\/uploads\/2022\/05\/22-05-Soin18.jpg","contentUrl":"https:\/\/www.marielaurepercot.fr\/wp-content\/uploads\/2022\/05\/22-05-Soin18.jpg","width":1000,"height":667,"caption":"somatoth\u00e9rapie chi nei tsaang st nazaire marie laure percot deuxi\u00e8me cerveau massoth\u00e9rapeute"},{"@type":"BreadcrumbList","@id":"http:\/\/www.marielaurepercot.fr\/index.php\/chi-nei-tsang-massage-du-ventre\/#breadcrumb","itemListElement":[{"@type":"ListItem","position":1,"name":"Accueil","item":"http:\/\/www.marielaurepercot.fr\/"},{"@type":"ListItem","position":2,"name":"Chi Nei Tsang &#8211; massage du ventre"}]},{"@type":"WebSite","@id":"https:\/\/www.marielaurepercot.fr\/#website","url":"https:\/\/www.marielaurepercot.fr\/","name":"Marie Laure Percot","description":"somatotherapeute","publisher":{"@id":"https:\/\/www.marielaurepercot.fr\/#organization"},"potentialAction":[{"@type":"SearchAction","target":{"@type":"EntryPoint","urlTemplate":"https:\/\/www.marielaurepercot.fr\/?s={search_term_string}"},"query-input":{"@type":"PropertyValueSpecification","valueRequired":true,"valueName":"search_term_string"}}],"inLanguage":"fr-FR"},{"@type":"Organization","@id":"https:\/\/www.marielaurepercot.fr\/#organization","name":"Marie Laure Percot","url":"https:\/\/www.marielaurepercot.fr\/","logo":{"@type":"ImageObject","inLanguage":"fr-FR","@id":"https:\/\/www.marielaurepercot.fr\/#\/schema\/logo\/image\/","url":"https:\/\/www.marielaurepercot.fr\/wp-content\/uploads\/2025\/07\/LogoBD.png","contentUrl":"https:\/\/www.marielaurepercot.fr\/wp-content\/uploads\/2025\/07\/LogoBD.png","width":340,"height":148,"caption":"Marie Laure Percot"},"image":{"@id":"https:\/\/www.marielaurepercot.fr\/#\/schema\/logo\/image\/"}}]}},"_links":{"self":[{"href":"https:\/\/www.marielaurepercot.fr\/index.php\/wp-json\/wp\/v2\/pages\/704","targetHints":{"allow":["GET"]}}],"collection":[{"href":"https:\/\/www.marielaurepercot.fr\/index.php\/wp-json\/wp\/v2\/pages"}],"about":[{"href":"https:\/\/www.marielaurepercot.fr\/index.php\/wp-json\/wp\/v2\/types\/page"}],"author":[{"embeddable":true,"href":"https:\/\/www.marielaurepercot.fr\/index.php\/wp-json\/wp\/v2\/users\/1"}],"replies":[{"embeddable":true,"href":"https:\/\/www.marielaurepercot.fr\/index.php\/wp-json\/wp\/v2\/comments?post=704"}],"version-history":[{"count":51,"href":"https:\/\/www.marielaurepercot.fr\/index.php\/wp-json\/wp\/v2\/pages\/704\/revisions"}],"predecessor-version":[{"id":2803,"href":"https:\/\/www.marielaurepercot.fr\/index.php\/wp-json\/wp\/v2\/pages\/704\/revisions\/2803"}],"wp:attachment":[{"href":"https:\/\/www.marielaurepercot.fr\/index.php\/wp-json\/wp\/v2\/media?parent=704"}],"curies":[{"name":"wp","href":"https:\/\/api.w.org\/{rel}","templated":true}]}}